{"id":76,"date":"2022-09-17T07:47:33","date_gmt":"2022-09-17T07:47:33","guid":{"rendered":"https:\/\/libert-art.com\/?page_id=76"},"modified":"2023-11-19T17:20:38","modified_gmt":"2023-11-19T17:20:38","slug":"cgv-conditions-generales-de-vente","status":"publish","type":"page","link":"https:\/\/libert-art.com\/index.php\/cgv-conditions-generales-de-vente\/","title":{"rendered":"CGV : Conditions g\u00e9n\u00e9rales de vente"},"content":{"rendered":"\n<h2 class=\"wp-block-heading has-theme-palette-6-color has-text-color\"><strong>Conditions G\u00e9n\u00e9rales de Vente des prestations de la soci\u00e9t\u00e9 de marque commerciale Libert&rsquo;Art,  effectu\u00e9es en cabinet.<\/strong><\/h2>\n\n\n\n<p>Les pr\u00e9sentes conditions g\u00e9n\u00e9rales de vente sont conclues entre la soci\u00e9t\u00e9 Objectif Libert\u00e9 de nom commercial Libert&rsquo;Art, soci\u00e9t\u00e9 dont le si\u00e8ge social est domicili\u00e9 chez Caroline Arnault 39; Avenue de La lib\u00e9ration 76100 Rouen et le cabinet au 16 Rue Lecanuet Rouen, inscrite au RCS de Rouen  sous le num\u00e9ro Siret 813 488 731 000 23, et joignable par mail \u00e0 l\u2019adresse suivante :  libertart8@gmail.com et par t\u00e9l\u00e9phone au 0611630967? ci apr\u00e8s \u00ab\u00a0le vendeur\u00a0\u00bb.<\/p>\n\n\n\n<p>D\u2019une part,<\/p>\n\n\n\n<p>Et toute personne souhaitant effectuer une r\u00e9servation sur le site www.<a href=\"https:\/\/libert-art.com\/wp-admin\/post.php?post=57&amp;action=edit\" target=\"_blank\" rel=\"noopener\" title=\"c \">https : libert-art.com <\/a>disposant de sa pleine capacit\u00e9 juridique, ci-apr\u00e8s \u00ab l\u2019Acheteur \u00bb,<\/p>\n\n\n\n<p>D\u2019autre part,<\/p>\n\n\n\n<p>APRES AVOIR PREALABLEMENT EXPOSE QUE :<\/p>\n\n\n\n<p>Ces conditions s\u2019appliquent pour toute  r\u00e9servation \u00e0 distance  et ont pour objet de d\u00e9finir les droits et les obligations des parties, dans le cadre des r\u00e9servations de prestations  propos\u00e9s par le Vendeur.<\/p>\n\n\n\n<p>L\u2019Acheteur d\u00e9clare avoir pris connaissance et accept\u00e9 les pr\u00e9sentes conditions g\u00e9n\u00e9rales de vente.<\/p>\n\n\n\n<p>La validation de la  r\u00e9servation par l\u2019Acheteur vaut acceptation des pr\u00e9sentes conditions g\u00e9n\u00e9rales de vente et ne n\u00e9cessite pas de r\u00e9it\u00e9ration sous quelque forme que ce soit, ni de signature manuscrite.<\/p>\n\n\n\n<p>L\u2019Acheteur dispose de la facult\u00e9 de sauvegarder ou d\u2019\u00e9diter les pr\u00e9sentes conditions g\u00e9n\u00e9rales de vente, ceci relevant de sa seule responsabilit\u00e9.<\/p>\n\n\n\n<p>Le Vendeur propose des prestations de soins de confort, dont les s\u00e9ances sont r\u00e9servables  sur son site internet ( www.<a href=\"https:\/\/libert-art.com\/wp-admin\/post.php?post=57&amp;action=edit\" target=\"_blank\" rel=\"noopener\" title=\"c \">https :libert-art.com<\/a> ). La liste et le descriptif des s\u00e9ances propos\u00e9es par le Vendeur peuvent \u00eatre consult\u00e9s sur le site internet susmentionn\u00e9.<\/p>\n\n\n\n<p>L\u2019Acheteur d\u00e9clare \u00eatre majeur et en mesure de contracter l\u00e9galement en vertu des lois fran\u00e7aises.<\/p>\n\n\n\n<h2 class=\"wp-block-heading has-theme-palette-6-color has-text-color\">I. Dispositions g\u00e9n\u00e9rales<\/h2>\n\n\n\n<h3 class=\"wp-block-heading\">1. Acceptation des conditions g\u00e9n\u00e9rales<\/h3>\n\n\n\n<p>L\u2019Acheteur d\u00e9clare avoir pris connaissance des conditions g\u00e9n\u00e9rales de vente et les avoir accept\u00e9es sans r\u00e9serve avant de r\u00e9server ses s\u00e9ances. suivant le proc\u00e9d\u00e9  par l\u2019Acheteur, consistant en la r\u00e9it\u00e9ration de la validation de la r\u00e9servation par une case \u00e0 cocher portant \u00ab acceptation des conditions g\u00e9n\u00e9rales de vente \u00bb.<\/p>\n\n\n\n<h3 class=\"wp-block-heading\">2. Domaine d\u2019application<\/h3>\n\n\n\n<p>Les pr\u00e9sentes conditions g\u00e9n\u00e9rales d\u00e9terminent les conditions contractuelles applicables r\u00e9servation des prestations fournies par la soci\u00e9t\u00e9 Libert\u00a0\u00bb Art<\/p>\n\n\n\n<h3 class=\"wp-block-heading\">3. Objet<\/h3>\n\n\n\n<p>L\u2019objet de ce Contrat est la d\u00e9finition des conditions dans lesquelles&nbsp; la soci\u00e9t\u00e9 Libert&rsquo; Art &nbsp;vend \u00e0 son Acheteur ses prestations.<\/p>\n\n\n\n<ul class=\"wp-block-list\">\n<li>S\u00e9ances individuelles ou collectives  quelques fois appel\u00e9es ateliers d&rsquo; Art-Th\u00e9rapie<\/li>\n\n\n\n<li>S\u00e9ance individuelle de Musicoth\u00e9rapie<\/li>\n\n\n\n<li>S\u00e9ance individuelle d&rsquo;olfactoth\u00e9rapie<\/li>\n<\/ul>\n\n\n\n<p>Le Vendeur dispose d\u2019une assurance responsabilit\u00e9 civile professionnelle souscrite aupr\u00e8s d\u2019une compagnie notoirement connue et solvable afin de garantir les dommages caus\u00e9s lors de l\u2019ex\u00e9cution du pr\u00e9sent Contrat.<\/p>\n\n\n\n<h3 class=\"wp-block-heading\">4. Dispositions contractuelles<\/h3>\n\n\n\n<p>La nullit\u00e9 d\u2019une clause contractuelle n\u2019entra\u00eene pas la nullit\u00e9 des conditions g\u00e9n\u00e9rales, \u00e0 l\u2019exception de celle d\u2019une clause d\u00e9terminante ayant amen\u00e9 l\u2019une des parties \u00e0 contracter.<\/p>\n\n\n\n<h3 class=\"wp-block-heading\">5. Modification<\/h3>\n\n\n\n<p>Libert&rsquo;Art&nbsp;se r\u00e9serve la facult\u00e9 de modifier les pr\u00e9sentes conditions g\u00e9n\u00e9rales \u00e0 tout moment.<\/p>\n\n\n\n<p>Ces modifications seront applicables aux Contrats en cours \u00e0 la condition que l\u2019Acheteur d\u00fbment averti n\u2019ait pas exprim\u00e9 son d\u00e9saccord dans un d\u00e9lai de huit jours.<\/p>\n\n\n\n<h2 class=\"wp-block-heading has-theme-palette-6-color has-text-color\">II. Description des prestations command\u00e9es<\/h2>\n\n\n\n<ul class=\"wp-block-list\">\n<li>S\u00e9ances individuelles ou collectives  quelques fois appel\u00e9es ateliers d&rsquo; Art-Th\u00e9rapie. L&rsquo;art-th\u00e9rapie utilise diff\u00e9rents m\u00e9diums : la peinture, le collage, la poterie et souvent les s\u00e9ances comprennent un peu de musicoth\u00e9rapie ou d&rsquo;olfactoth\u00e9rapie.<\/li>\n\n\n\n<li>S\u00e9ance individuelle de Musicoth\u00e9rapie. Dans ces s\u00e9ances on peut utiliser le mime, le th\u00e9\u00e2tre, le chant, les instruments, le corps.<\/li>\n\n\n\n<li>S\u00e9ance individuelle d&rsquo;olfactoth\u00e9rapie. En relaxation le patient sent des huiles essentielles bio et \u00e0 l&rsquo;aide de ma voix se connecte \u00e0 des souvenirs ant\u00e9rieurs.<\/li>\n<\/ul>\n\n\n\n<h2 class=\"wp-block-heading has-theme-palette-6-color has-text-color\">III. Prix et conditions de paiement<\/h2>\n\n\n\n<h3 class=\"wp-block-heading\">1. D\u00e9termination du prix des prestations<\/h3>\n\n\n\n<p>Les prix mentionn\u00e9s sur le site sont indiqu\u00e9s en Euros (\u20ac) et comprennent toutes les taxes en vigueur au jour de la commande pour les commandes pass\u00e9es par les particuliers.  <\/p>\n\n\n\n<p>Globalement deux types de prix sont pratiqu\u00e9s : <\/p>\n\n\n\n<ul class=\"wp-block-list\">\n<li>Ceux pour les s\u00e9ances individuelles (60 \u20ac)<\/li>\n\n\n\n<li>Ceux pour les s\u00e9ances collectives (90 \u20ac)<\/li>\n<\/ul>\n\n\n\n<p>N\u00e9anmoins des  tarifs d\u00e9gressifs sont pr\u00e9vus en cas d&rsquo;achats de premi\u00e8re s\u00e9ance et d&rsquo;achat de plusieurs s\u00e9ances.<\/p>\n\n\n\n<h3 class=\"wp-block-heading\">2. Modification du prix<\/h3>\n\n\n\n<p><strong>Libert&rsquo;Art <\/strong>se r\u00e9serve le droit de modifier unilat\u00e9ralement les prix de ses prestations \u00e0 tout moment, notamment en cas d\u2019augmentation des co\u00fbts, \u00e9tant entendu que, en cas d\u2019augmentation des prix post\u00e9rieure \u00e0 la commande accept\u00e9e, seul le prix fix\u00e9 au jour de cette commande sera applicable \u00e0 l\u2019Acheteur.<\/p>\n\n\n\n<h3 class=\"wp-block-heading\">3. Conditions de paiement<\/h3>\n\n\n\n<p>Sauf disposition contraire, les r\u00e8glements seront effectu\u00e9s aux conditions suivantes :<\/p>\n\n\n\n<ul class=\"wp-block-list\">\n<li>Le paiement est \u00e0 r\u00e9gl\u00e9 lors de la prestation, au cabinet.<\/li>\n\n\n\n<li>Aucun escompte n\u2019est pratiqu\u00e9.<\/li>\n\n\n\n<li>Tout RV non annul\u00e9 48  h \u00e0 l&rsquo;avance est d\u00fb<\/li>\n<\/ul>\n\n\n\n<p>Le paiement s\u2019effectue par paiement  en ch\u00e8que ou en liquide<\/p>\n\n\n\n<p>Le paiement est exigible imm\u00e9diatement apr\u00e8s la prestation effectu\u00e9e par les s\u00e9ances individuelles et d\u00e8s la premi\u00e8re s\u00e9ance pour ceux qui r\u00e9servent leur participation \u00e0 un protocole de 8 s\u00e9ances collectives.<\/p>\n\n\n\n<p>En cabinet, des ch\u00e8ques cadeau sont propos\u00e9s. <a href=\"https:\/\/libert-art.com\/index.php\/planifiez-votre-rv\/\" title=\"\">https:\/\/libert-art.com\/index.php\/planifiez-votre-rv\/<\/a> . Leur paiement s&rsquo;effectue \u00e0 la remise de ces ch\u00e8ques cadeaux.<\/p>\n\n\n\n<p>En cas d\u2019erreur ou d\u2019impossibilit\u00e9 de d\u00e9biter le ch\u00e8que bancaire du b\u00e9n\u00e9ficiaire , Libert&rsquo;Art appelle l&rsquo;acheteur afin d&rsquo;avoir un r\u00e8glement \u00e0 l&rsquo;amiable avant le prochaine s\u00e9ance. Tant que la pr\u00e9c\u00e9dente s\u00e9ance n&rsquo;est pas sold\u00e9e aucun autre RV n&rsquo;est possible.<\/p>\n\n\n\n<h3 class=\"wp-block-heading\">4. Facturation<\/h3>\n\n\n\n<p>Toute facture peut \u00eatre \u00e9tablie en double exemplaire  sur demande de l&rsquo;acheteur<\/p>\n\n\n\n<h2 class=\"wp-block-heading has-theme-palette-6-color has-text-color\">IV. Conclusion du Contrat<\/h2>\n\n\n\n<h3 class=\"wp-block-heading\">2. Caract\u00e8re d\u00e9finitif de la commande<\/h3>\n\n\n\n<p>Tous RV pris et non annul\u00e9 48 heures avant le prochain RV est d\u00fb.<\/p>\n\n\n\n<p>La prise de RV peut avoir lieu jusqu&rsquo;\u00e0 24 heures avant ce RV au del\u00e0 il faut choisir un autre cr\u00e9neau horaire.<\/p>\n\n\n\n<h3 class=\"wp-block-heading\">3. Modification de la commande<\/h3>\n\n\n\n<p>Toutes les modifications \u00e0 plus de 48 heures de distance du RV sont possibles.<\/p>\n\n\n\n<h2 class=\"wp-block-heading has-theme-palette-6-color has-text-color\">V. Ex\u00e9cution du Contrat<\/h2>\n\n\n\n<h3 class=\"wp-block-heading\">1. Obligation d\u2019information et de renseignement :<\/h3>\n\n\n\n<p><strong>Libert&rsquo;Art<\/strong>&nbsp;est tenue d\u2019une obligation de renseignement envers son Acheteur sur les prestations commercialis\u00e9es. Il est possible de me joindre via le formulaire de contact <a href=\"https:\/\/libert-art.com\/wp-admin\/post.php?post=181&amp;action=edit\" target=\"_blank\" rel=\"noopener\" title=\"\">https:\/\/libert-art.com\/wp-admin\/post.php?post=181&amp;action=edit<\/a> dans la limite du process de production l\u2019y autorisant.&nbsp;Le d\u00e9lais de r\u00e9ponse est de 48 heures.<\/p>\n\n\n\n<h3 class=\"wp-block-heading\">4. Obligations du th\u00e9rapeute<\/h3>\n\n\n\n<p>La th\u00e9rapeute \u00e0 une obligation de moyens celui de donner les soins et en aucun cas une obligation de r\u00e9sultat.<\/p>\n\n\n\n<h2 class=\"wp-block-heading has-theme-palette-6-color has-text-color\">VI. Force majeure<\/h2>\n\n\n\n<p>L\u2019ex\u00e9cution des obligations du Vendeur aux termes des pr\u00e9sentes est suspendue en cas de survenance d\u2019un cas fortuit ou de force majeure qui en emp\u00eacherait l\u2019ex\u00e9cution.<\/p>\n\n\n\n<p>Sont consid\u00e9r\u00e9s comme cas fortuit ou cas de force majeure tous faits ou circonstances irr\u00e9sistibles, ext\u00e9rieurs au Vendeur, impr\u00e9visibles, in\u00e9vitables, ind\u00e9pendants de la volont\u00e9 du Vendeur et qui ne pourra \u00eatre emp\u00each\u00e9 par ce dernier. C\u2019est notamment le cas d\u2019une \u00e9pid\u00e9mie, d\u2019une pand\u00e9mie, d\u2019un incendie, d\u2019une inondation, de catastrophes naturelles ou industrielles, d\u2019acte de terrorisme emp\u00eachant la dispense des soins au cabinet.<\/p>\n\n\n\n<p>Le Vendeur avisera l\u2019Acheteur de la survenance d\u2019un tel \u00e9v\u00e8nement d\u00e8s que possible. Il conviendra alors pour le Vendeur de convenir des conditions dans lesquelles l\u2019ex\u00e9cution du Contrat pourra \u00eatre poursuivie.<\/p>\n\n\n\n<h2 class=\"wp-block-heading has-theme-palette-6-color has-text-color\">VII. Droit de la propri\u00e9t\u00e9 intellectuelle<\/h2>\n\n\n\n<p>Les marques, noms de domaines, produits, logiciels, images, vid\u00e9os, textes (notamment le contenu des conditions g\u00e9n\u00e9rales de vente), ou plus g\u00e9n\u00e9ralement toute information faisant l\u2019objet de droits de propri\u00e9t\u00e9 intellectuelle sont et restent exclusivement la propri\u00e9t\u00e9 exclusive du Vendeur. Les pr\u00e9sentes conditions g\u00e9n\u00e9rales de vente ne permettent aucunement la cession de ces droits de propri\u00e9t\u00e9.<\/p>\n\n\n\n<p>Toute reproduction, totale ou partielle, modification ou utilisation de ces biens pour quelque motif que ce soit est strictement interdite.<\/p>\n\n\n\n<h2 class=\"wp-block-heading has-theme-palette-6-color has-text-color\">VIII. Protection des donn\u00e9es personnelles ou RGPD<\/h2>\n\n\n\n<p>Conform\u00e9ment \u00e0 la loi Informatique et Libert\u00e9s du 06 Janvier 1978 et au r\u00e8glement europ\u00e9en sur la protection des donn\u00e9es personnelles R\u00e8glement (UE) 2016\/679 du Parlement europ\u00e9en et du Conseil du 27 avril 2016, le Client dispose des droits d\u2019interrogation, d\u2019acc\u00e8s, de modification, d\u2019opposition et de rectification sur les donn\u00e9es personnelles le concernant.<\/p>\n\n\n\n<p>Conform\u00e9ment \u00e0 l\u2019article 6 du RGPD, en adh\u00e9rant \u00e0 ces pr\u00e9sentes conditions g\u00e9n\u00e9rales de vente, le Client consent \u00e0 ce que le Vendeur collecte et utilise ces donn\u00e9es pour la r\u00e9alisation du pr\u00e9sent Contrat.<\/p>\n\n\n\n<p>En communiquant son adresse \u00e9lectronique au Vendeur, le Client recevra des courriers \u00e9lectroniques contenant des informations et des offres promotionnelles de&nbsp;Libert&rsquo;Art.<\/p>\n\n\n\n<p>Le fichier sera d\u00e9pos\u00e9 \u00e0 la CNIL.<\/p>\n\n\n\n<p>Le Client peut \u00e0 tout moment se d\u00e9sinscrire en envoyant un courrier \u00e9lectronique \u00e0 l\u2019adresse suivante : libertart8@gmail.com  ou en cliquant sur le lien de d\u00e9sinscription pr\u00e9sent \u00e0 la fin des e-mails.<br><\/p>\n\n\n\n<h2 class=\"wp-block-heading has-theme-palette-6-color has-text-color\">IX. Loi du Contrat<\/h2>\n\n\n\n<p>La loi applicable aux pr\u00e9sentes conditions g\u00e9n\u00e9rales de vente est le Droit fran\u00e7ais.<\/p>\n\n\n\n<h2 class=\"wp-block-heading has-theme-palette-6-color has-text-color\">X. R\u00e8glement des litiges<\/h2>\n\n\n\n<p><strong>M\u00e9diation des litiges de la consommation :<\/strong>&nbsp;Conform\u00e9ment \u00e0 l\u2019article L. 612-1 du code de la consommation, vous pouvez recourir gratuitement au service de m\u00e9diation du tribunal de Rouen. Le Barreau de ROUEN poss\u00e8de un centre de m\u00e9diation compos\u00e9 d\u2019avocats m\u00e9diateurs form\u00e9s aux exigences de cette discipline . Ils sont joignables \u00e0 ces coordonn\u00e9es : Centre de M\u00e9diation du Barreau de Rouen, 6 All. Eug\u00e8ne Delacroix, 76000 Rouen , 02 44 84 65 67<\/p>\n\n\n\n<p><strong>Plateforme de R\u00e8glement en Ligne des Litiges :<\/strong>&nbsp;Conform\u00e9ment \u00e0 l\u2019article 14 du R\u00e8glement (UE) n\u00b0524\/2013, la Commission Europ\u00e9enne a mis en place une plateforme de R\u00e8glement en Ligne des Litiges, facilitant le r\u00e8glement ind\u00e9pendant par voie extrajudiciaire des litiges en ligne entre consommateurs et professionnels de l\u2019Union europ\u00e9enne. Cette plateforme est accessible au lien suivant : https:\/\/webgate.ec.europa.eu\/odr\/<\/p>\n\n\n\n<p><strong>\u00c0 d\u00e9faut d\u2019accord amiable<\/strong>, les r\u00e8gles de comp\u00e9tence mentionn\u00e9es au Code de proc\u00e9dure civile seront applicables pour toutes contestations ou litiges portant sur l\u2019interpr\u00e9tation et l\u2019ex\u00e9cution du Contrat et des pr\u00e9sentes conditions g\u00e9n\u00e9rales d<\/p>\n","protected":false},"excerpt":{"rendered":"<p>Conditions G\u00e9n\u00e9rales de Vente des prestations de la soci\u00e9t\u00e9 de marque commerciale Libert&rsquo;Art, effectu\u00e9es en cabinet. Les pr\u00e9sentes conditions g\u00e9n\u00e9rales de vente sont conclues entre la soci\u00e9t\u00e9 Objectif Libert\u00e9 de nom commercial Libert&rsquo;Art, soci\u00e9t\u00e9 dont le si\u00e8ge social est domicili\u00e9 chez Caroline Arnault 39; Avenue de La lib\u00e9ration 76100 Rouen et le cabinet au 16&#8230;<\/p>\n","protected":false},"author":1,"featured_media":0,"parent":0,"menu_order":1,"comment_status":"closed","ping_status":"closed","template":"","meta":{"om_disable_all_campaigns":false,"_monsterinsights_skip_tracking":false,"_monsterinsights_sitenote_active":false,"_monsterinsights_sitenote_note":"","_monsterinsights_sitenote_category":0,"_kadence_starter_templates_imported_post":false,"_kad_post_transparent":"","_kad_post_title":"","_kad_post_layout":"","_kad_post_sidebar_id":"","_kad_post_content_style":"","_kad_post_vertical_padding":"","_kad_post_feature":"","_kad_post_feature_position":"","_kad_post_header":false,"_kad_post_footer":false,"footnotes":""},"class_list":["post-76","page","type-page","status-publish","hentry"],"_links":{"self":[{"href":"https:\/\/libert-art.com\/index.php\/wp-json\/wp\/v2\/pages\/76","targetHints":{"allow":["GET"]}}],"collection":[{"href":"https:\/\/libert-art.com\/index.php\/wp-json\/wp\/v2\/pages"}],"about":[{"href":"https:\/\/libert-art.com\/index.php\/wp-json\/wp\/v2\/types\/page"}],"author":[{"embeddable":true,"href":"https:\/\/libert-art.com\/index.php\/wp-json\/wp\/v2\/users\/1"}],"replies":[{"embeddable":true,"href":"https:\/\/libert-art.com\/index.php\/wp-json\/wp\/v2\/comments?post=76"}],"version-history":[{"count":14,"href":"https:\/\/libert-art.com\/index.php\/wp-json\/wp\/v2\/pages\/76\/revisions"}],"predecessor-version":[{"id":355,"href":"https:\/\/libert-art.com\/index.php\/wp-json\/wp\/v2\/pages\/76\/revisions\/355"}],"wp:attachment":[{"href":"https:\/\/libert-art.com\/index.php\/wp-json\/wp\/v2\/media?parent=76"}],"curies":[{"name":"wp","href":"https:\/\/api.w.org\/{rel}","templated":true}]}}