{"id":61,"date":"2022-09-11T17:40:32","date_gmt":"2022-09-11T17:40:32","guid":{"rendered":"https:\/\/libert-art.com\/?page_id=61"},"modified":"2023-11-14T13:04:28","modified_gmt":"2023-11-14T13:04:28","slug":"pourquoi-nous-rejoindre","status":"publish","type":"page","link":"https:\/\/libert-art.com\/index.php\/pourquoi-nous-rejoindre\/","title":{"rendered":"L&rsquo;art-th\u00e9rapie et la musicoth\u00e9rapie"},"content":{"rendered":"\n<p class=\"has-theme-palette-3-color has-text-color\">.<\/p>\n\n\n\n<div class=\"wp-block-columns is-layout-flex wp-container-core-columns-is-layout-9d6595d7 wp-block-columns-is-layout-flex\">\n<div class=\"wp-block-column is-layout-flow wp-block-column-is-layout-flow\" style=\"flex-basis:100%\"><div class=\"wp-block-image\">\n<figure class=\"aligncenter size-full is-resized\"><img loading=\"lazy\" decoding=\"async\" width=\"626\" height=\"418\" src=\"https:\/\/libert-art.com\/wp-content\/uploads\/2022\/09\/dessin.jpg\" alt=\"Dessin au pastels d'un arbre\" class=\"wp-image-34\" style=\"width:793px;height:530px\" srcset=\"https:\/\/libert-art.com\/wp-content\/uploads\/2022\/09\/dessin.jpg 626w, https:\/\/libert-art.com\/wp-content\/uploads\/2022\/09\/dessin-300x200.jpg 300w\" sizes=\"auto, (max-width: 626px) 100vw, 626px\" \/><\/figure>\n<\/div><\/div>\n<\/div>\n\n\n\n<p class=\"has-theme-palette-6-color has-text-color\"><strong>L&rsquo;art-th\u00e9rapie utilise l&rsquo;art sous toute ses formes pour se connecter \u00e0 ses \u00e9motions et accompagner leur mise en lumi\u00e8re. Cette th\u00e9rapie br\u00e8ve ne n\u00e9cessite aucun apprentissage artistique et est ouvert \u00e0 tous.<\/strong><\/p>\n\n\n\n<p>Dipl\u00f4m\u00e9e d&rsquo;art-th\u00e9rapie dynamique et de musicoth\u00e9rapie j&rsquo;allie des \u2019exercices sur des supports diff\u00e9rents musique&nbsp;\/vid\u00e9os\/\u00e9crits pour rompre la monotonie et aider votre inconscient \u00e0 r\u00e9v\u00e9ler ce qui est savamment cach\u00e9 .<\/p>\n\n\n<div class=\"wp-block-image\">\n<figure class=\"aligncenter size-large\"><img loading=\"lazy\" decoding=\"async\" width=\"1024\" height=\"589\" src=\"https:\/\/libert-art.com\/wp-content\/uploads\/2022\/09\/notes-de-musiques-1024x589.png\" alt=\"\" class=\"wp-image-64\" srcset=\"https:\/\/libert-art.com\/wp-content\/uploads\/2022\/09\/notes-de-musiques-1024x589.png 1024w, https:\/\/libert-art.com\/wp-content\/uploads\/2022\/09\/notes-de-musiques-300x173.png 300w, https:\/\/libert-art.com\/wp-content\/uploads\/2022\/09\/notes-de-musiques-768x442.png 768w, https:\/\/libert-art.com\/wp-content\/uploads\/2022\/09\/notes-de-musiques-1536x883.png 1536w, https:\/\/libert-art.com\/wp-content\/uploads\/2022\/09\/notes-de-musiques-1200x690.png 1200w, https:\/\/libert-art.com\/wp-content\/uploads\/2022\/09\/notes-de-musiques.png 1920w\" sizes=\"auto, (max-width: 1024px) 100vw, 1024px\" \/><\/figure>\n<\/div>\n\n\n<p>Les m\u00e9diums utilis\u00e9s peuvent \u00eatre autant le papier ou les tissus et autres sequins pour les collages, les diff\u00e9rentes peintures (aquarelles ou acryliques), les pastelles gras et secs selon l&rsquo;objectif de l&rsquo;exercice. Le yoga du son, la relaxation, les r\u00eaves \u00e9veill\u00e9s, la m\u00e9ditation, le mime peuvent \u00eatre propos\u00e9s pour mieux ancrer les r\u00e9v\u00e9lations et changements. Quand la situation le justifie, je peux faire appel \u00e0 la m\u00e9thode d&rsquo;humide en humide cr\u00e9\u00e9e par le docteur Hauscka. Il s&rsquo;agit de peindre avec de l&rsquo;aquarelle sur une feuille humidifi\u00e9e pour travailler sur notre corps empli \u00e0 70% d&rsquo;eau.  Les r\u00e9v\u00e9lations et bienfaits sont souvent \u00e9tonnant.<\/p>\n\n\n\n<p>.<\/p>\n\n\n<div class=\"wp-block-image\">\n<figure class=\"aligncenter size-large\"><img loading=\"lazy\" decoding=\"async\" width=\"1024\" height=\"678\" src=\"https:\/\/libert-art.com\/wp-content\/uploads\/2023\/10\/poisson-mosaic-200864_1280-1024x678.jpg\" alt=\"\" class=\"wp-image-125\" srcset=\"https:\/\/libert-art.com\/wp-content\/uploads\/2023\/10\/poisson-mosaic-200864_1280-1024x678.jpg 1024w, https:\/\/libert-art.com\/wp-content\/uploads\/2023\/10\/poisson-mosaic-200864_1280-300x199.jpg 300w, https:\/\/libert-art.com\/wp-content\/uploads\/2023\/10\/poisson-mosaic-200864_1280-768x509.jpg 768w, https:\/\/libert-art.com\/wp-content\/uploads\/2023\/10\/poisson-mosaic-200864_1280.jpg 1280w\" sizes=\"auto, (max-width: 1024px) 100vw, 1024px\" \/><\/figure>\n<\/div>\n\n\n<h2 class=\"wp-block-heading has-theme-palette-6-color has-text-color\"><strong>Dans quels cas utiliser l&rsquo;art-th\u00e9rapie ou la musicoth\u00e9rapie ?<\/strong><\/h2>\n\n\n\n<ul class=\"wp-block-list\">\n<li>Vous \u00eates stress\u00e9 (e)<\/li>\n\n\n\n<li>Vous \u00eates hyperactif (ve)<\/li>\n\n\n\n<li>Vous cauchemardez<\/li>\n\n\n\n<li>Vous \u00eates malade<\/li>\n\n\n\n<li>Vous avez du mal \u00e0 passer un cap (mort de quelqu&rsquo;un , d\u00e9m\u00e9nagement, mutation professionnelle, d\u00e9part des enfants, perte d&rsquo;un objet pr\u00e9cieux ou d&rsquo;un animal de compagnie etc)<\/li>\n\n\n\n<li>Vous voudriez travailler sur votre confiance en vous, votre capacit\u00e9 \u00e0 savoir dire non, votre capacit\u00e9 \u00e0 vous imposer, \u00e0 trouver votre place:.<\/li>\n\n\n\n<li>Vous \u00eates coup\u00e9 (e) de votre corps.<\/li>\n\n\n\n<li>L&rsquo;intimit\u00e9 physique et\/ ou verbale vous fait peur.<\/li>\n\n\n\n<li>Votre vie sociale ne vous satisfait pas.<\/li>\n\n\n\n<li>Vous recherchez des r\u00e9ponses spirituelles\/ existencielles<\/li>\n\n\n\n<li>Vous souhaiteriez \u00eatre lib\u00e9r\u00e9 (e) de votre\/ vos d\u00e9pendance(s).<\/li>\n<\/ul>\n\n\n\n<p><\/p>\n\n\n<div class=\"wp-block-image\">\n<figure class=\"aligncenter size-large\"><img loading=\"lazy\" decoding=\"async\" width=\"1024\" height=\"745\" src=\"https:\/\/libert-art.com\/wp-content\/uploads\/2023\/10\/Art-therapie-et-maladie-1024x745.png\" alt=\"\" class=\"wp-image-128\" srcset=\"https:\/\/libert-art.com\/wp-content\/uploads\/2023\/10\/Art-therapie-et-maladie-1024x745.png 1024w, https:\/\/libert-art.com\/wp-content\/uploads\/2023\/10\/Art-therapie-et-maladie-300x218.png 300w, https:\/\/libert-art.com\/wp-content\/uploads\/2023\/10\/Art-therapie-et-maladie-768x558.png 768w, https:\/\/libert-art.com\/wp-content\/uploads\/2023\/10\/Art-therapie-et-maladie-1536x1117.png 1536w, https:\/\/libert-art.com\/wp-content\/uploads\/2023\/10\/Art-therapie-et-maladie-2048x1489.png 2048w\" sizes=\"auto, (max-width: 1024px) 100vw, 1024px\" \/><\/figure>\n<\/div>\n\n\n<h2 class=\"wp-block-heading has-theme-palette-6-color has-text-color\"><strong>Dans quels autres buts utiliser l&rsquo;art-th\u00e9rapie ou la musicoth\u00e9rapie ?<\/strong><\/h2>\n\n\n\n<ul class=\"wp-block-list\">\n<li>Vous d\u00e9stresser. On le sait le stress aurait d&rsquo;\u00e9normes cons\u00e9quences sur le maladie.<\/li>\n\n\n\n<li>Accompagner la maladie (voir sch\u00e9ma ci-dessus)<\/li>\n\n\n\n<li>Prendre du temps pour soi, se connecter \u00e0 soi \u00e0 ses \u00e9motions; \u00e0 ses besoins. Etre plus serein (e)<\/li>\n\n\n\n<li>Donner du sens \u00e0 votre vie, ou mieux en comprendre le sens<\/li>\n\n\n\n<li>Passer les moments difficiles de l&rsquo;\u00e9xistence<\/li>\n\n\n\n<li>Conscientiser une \u00e9motion et la d\u00e9passer<\/li>\n\n\n\n<li>\u00catre plus fort(e), plus joyeux (se)<\/li>\n\n\n\n<li>Avoir une vie plus facile \u00e0 traverser<\/li>\n\n\n\n<li>Limiter la persona (selon Jung) pour augmenter l&rsquo;individuation ou limiter son image sociale pour se permettre d&rsquo;\u00eatre soi<\/li>\n<\/ul>\n\n\n\n<p><strong>En tant qu&rsquo;Art-th\u00e9rapeute dynamique, le dipl\u00f4me regroupe autant la musicoth\u00e9rapie que l&rsquo;art-th\u00e9rapie.<\/strong> <a href=\"https:\/\/libert-art.com\/wp-admin\/post.php?post=57&amp;action=edit\" target=\"_blank\" rel=\"noopener\" title=\"\">https:\/\/libert-art.com\/wp-admin\/post.<\/a><a href=\"https:\/\/libert-art.com\/wp-admin\/post.php?post=57&amp;action=edit\" rel=\"nofollow\" title=\"\">php<\/a><a href=\"https:\/\/libert-art.com\/wp-admin\/post.php?post=57&amp;action=edit\" target=\"_blank\" rel=\"noopener\" title=\"\">?post=57&amp;action=edit<\/a><\/p>\n","protected":false},"excerpt":{"rendered":"<p>. L&rsquo;art-th\u00e9rapie utilise l&rsquo;art sous toute ses formes pour se connecter \u00e0 ses \u00e9motions et accompagner leur mise en lumi\u00e8re. Cette th\u00e9rapie br\u00e8ve ne n\u00e9cessite aucun apprentissage artistique et est ouvert \u00e0 tous. Dipl\u00f4m\u00e9e d&rsquo;art-th\u00e9rapie dynamique et de musicoth\u00e9rapie j&rsquo;allie des \u2019exercices sur des supports diff\u00e9rents musique&nbsp;\/vid\u00e9os\/\u00e9crits pour rompre la monotonie et aider votre inconscient&#8230;<\/p>\n","protected":false},"author":1,"featured_media":34,"parent":0,"menu_order":1,"comment_status":"closed","ping_status":"closed","template":"","meta":{"om_disable_all_campaigns":false,"_monsterinsights_skip_tracking":false,"_monsterinsights_sitenote_active":false,"_monsterinsights_sitenote_note":"","_monsterinsights_sitenote_category":0,"_kadence_starter_templates_imported_post":false,"_kad_post_transparent":"","_kad_post_title":"","_kad_post_layout":"","_kad_post_sidebar_id":"","_kad_post_content_style":"","_kad_post_vertical_padding":"","_kad_post_feature":"","_kad_post_feature_position":"","_kad_post_header":false,"_kad_post_footer":false,"footnotes":""},"class_list":["post-61","page","type-page","status-publish","has-post-thumbnail","hentry"],"_links":{"self":[{"href":"https:\/\/libert-art.com\/index.php\/wp-json\/wp\/v2\/pages\/61","targetHints":{"allow":["GET"]}}],"collection":[{"href":"https:\/\/libert-art.com\/index.php\/wp-json\/wp\/v2\/pages"}],"about":[{"href":"https:\/\/libert-art.com\/index.php\/wp-json\/wp\/v2\/types\/page"}],"author":[{"embeddable":true,"href":"https:\/\/libert-art.com\/index.php\/wp-json\/wp\/v2\/users\/1"}],"replies":[{"embeddable":true,"href":"https:\/\/libert-art.com\/index.php\/wp-json\/wp\/v2\/comments?post=61"}],"version-history":[{"count":12,"href":"https:\/\/libert-art.com\/index.php\/wp-json\/wp\/v2\/pages\/61\/revisions"}],"predecessor-version":[{"id":290,"href":"https:\/\/libert-art.com\/index.php\/wp-json\/wp\/v2\/pages\/61\/revisions\/290"}],"wp:featuredmedia":[{"embeddable":true,"href":"https:\/\/libert-art.com\/index.php\/wp-json\/wp\/v2\/media\/34"}],"wp:attachment":[{"href":"https:\/\/libert-art.com\/index.php\/wp-json\/wp\/v2\/media?parent=61"}],"curies":[{"name":"wp","href":"https:\/\/api.w.org\/{rel}","templated":true}]}}