{"id":57,"date":"2022-09-11T16:31:10","date_gmt":"2022-09-11T16:31:10","guid":{"rendered":"https:\/\/libert-art.com\/?page_id=57"},"modified":"2024-06-11T09:11:33","modified_gmt":"2024-06-11T09:11:33","slug":"qui-suis-je","status":"publish","type":"page","link":"https:\/\/libert-art.com\/","title":{"rendered":"Accueil"},"content":{"rendered":"\n<p>Libert&rsquo;Art existe depuis plusieurs ann\u00e9es et \u00e0 pour but de vous proposer des exercices afin de vous sentir mieux et de vous aider \u00e0 relever les challenges de la vie<\/p>\n\n\n\n<p><strong>j&rsquo;ai la chance d&rsquo;avoir \u00e9t\u00e9 film\u00e9e par France 3 et vous propose cette courte vid\u00e9o de pr\u00e9sentation.<\/strong><\/p>\n\n\n\n<p>.<\/p>\n\n\n\n<figure class=\"wp-block-video\"><video height=\"1080\" style=\"aspect-ratio: 1920 \/ 1080;\" width=\"1920\" controls src=\"https:\/\/libert-art.com\/wp-content\/uploads\/2024\/06\/Reportage-art-therapie-Jours-Journalisme-2024.mp4\"><\/video><\/figure>\n\n\n\n<p><\/p>\n\n\n\n<p>Pour votre mieux \u00eatre  je mets principalement \u00e0 votre disposition trois types d activit\u00e9 :<\/p>\n\n\n\n<ul class=\"wp-block-list\">\n<li>L&rsquo;art-th\u00e9rapie<\/li>\n\n\n\n<li>La musicoth\u00e9rapie<\/li>\n\n\n\n<li>L&rsquo;olfactoth\u00e9rapie<\/li>\n<\/ul>\n\n\n\n<p>Ce sont trois techniques que j&rsquo;ai pratiqu\u00e9es longuement avant de vous les proposer.<\/p>\n\n\n\n<figure class=\"wp-block-gallery has-nested-images columns-default is-cropped wp-block-gallery-1 is-layout-flex wp-block-gallery-is-layout-flex\">\n<figure class=\"wp-block-image size-large\"><img loading=\"lazy\" decoding=\"async\" width=\"1024\" height=\"682\" data-id=\"274\" src=\"https:\/\/libert-art.com\/wp-content\/uploads\/2023\/11\/Huiles-essentielles-paquerettes-1024x682.jpg\" alt=\"\" class=\"wp-image-274\" srcset=\"https:\/\/libert-art.com\/wp-content\/uploads\/2023\/11\/Huiles-essentielles-paquerettes-1024x682.jpg 1024w, https:\/\/libert-art.com\/wp-content\/uploads\/2023\/11\/Huiles-essentielles-paquerettes-300x200.jpg 300w, https:\/\/libert-art.com\/wp-content\/uploads\/2023\/11\/Huiles-essentielles-paquerettes-768x512.jpg 768w, https:\/\/libert-art.com\/wp-content\/uploads\/2023\/11\/Huiles-essentielles-paquerettes.jpg 1280w\" sizes=\"auto, (max-width: 1024px) 100vw, 1024px\" \/><\/figure>\n\n\n\n<figure class=\"wp-block-image size-large\"><img loading=\"lazy\" decoding=\"async\" width=\"1024\" height=\"681\" data-id=\"275\" src=\"https:\/\/libert-art.com\/wp-content\/uploads\/2023\/11\/Pate-a-modeler-1024x681.jpg\" alt=\"\" class=\"wp-image-275\" srcset=\"https:\/\/libert-art.com\/wp-content\/uploads\/2023\/11\/Pate-a-modeler-1024x681.jpg 1024w, https:\/\/libert-art.com\/wp-content\/uploads\/2023\/11\/Pate-a-modeler-300x199.jpg 300w, https:\/\/libert-art.com\/wp-content\/uploads\/2023\/11\/Pate-a-modeler-768x511.jpg 768w, https:\/\/libert-art.com\/wp-content\/uploads\/2023\/11\/Pate-a-modeler.jpg 1280w\" sizes=\"auto, (max-width: 1024px) 100vw, 1024px\" \/><\/figure>\n\n\n\n<figure class=\"wp-block-image size-large\"><img loading=\"lazy\" decoding=\"async\" width=\"1024\" height=\"1024\" data-id=\"276\" src=\"https:\/\/libert-art.com\/wp-content\/uploads\/2023\/11\/visage-de-femme-peint-1024x1024.jpg\" alt=\"\" class=\"wp-image-276\" srcset=\"https:\/\/libert-art.com\/wp-content\/uploads\/2023\/11\/visage-de-femme-peint-1024x1024.jpg 1024w, https:\/\/libert-art.com\/wp-content\/uploads\/2023\/11\/visage-de-femme-peint-300x300.jpg 300w, https:\/\/libert-art.com\/wp-content\/uploads\/2023\/11\/visage-de-femme-peint-150x150.jpg 150w, https:\/\/libert-art.com\/wp-content\/uploads\/2023\/11\/visage-de-femme-peint-768x768.jpg 768w, https:\/\/libert-art.com\/wp-content\/uploads\/2023\/11\/visage-de-femme-peint.jpg 1280w\" sizes=\"auto, (max-width: 1024px) 100vw, 1024px\" \/><\/figure>\n<\/figure>\n\n\n\n<h3 class=\"wp-block-heading has-theme-palette-6-color has-text-color\"><strong>Qui suis-je ?<\/strong><\/h3>\n\n\n\n<p>Quinquag\u00e9naire, j\u2019avais une vingtaine d\u2019ann\u00e9es quand j\u2019ai compris que m\u00eame si j\u2019avais enfin la libert\u00e9 financi\u00e8re, ma vie ne ressemblait pas \u00e0 ce que je souhaitais et ce quoique je fasse. Bien entendu croyances et inconscient \u00e9taient \u00e0 l\u2019\u0153uvre.<\/p>\n\n\n\n<p>Je d\u00e9cidais de travailler sur moi pour aller mieux.<\/p>\n\n\n\n<p>Les choses ont chang\u00e9 quand j\u2019ai accept\u00e9 que l\u2019on \u00e9tait ma\u00eetre de son destin et que l\u2019on avait toujours le choix.<\/p>\n\n\n\n<p>Quand on est d\u00e9pendant affectif, comme je l\u2019\u00e9tais, le choix de vivre avec une personne qui maltraite l\u2019autre ou partir est un choix douloureux voir meurtrier. Mais d\u2019ailleurs qui est \u00e0 l\u2019origine de la maltraitance le bourreau ou celui, ici celle, qui reste avec lui pour avoir une once d\u2019amour ou se sentir importante dans le regard de l\u2019autre&nbsp;?<\/p>\n\n\n\n<p>Si je m&rsquo;en suis sortie c&rsquo;est gr\u00e2ce \u00e0 ma combativit\u00e9 et \u00e0 ma capacit\u00e9 \u00e0 esp\u00e9rer dans un avenir meilleur.<\/p>\n\n\n<div class=\"wp-block-image\">\n<figure class=\"aligncenter size-full is-resized\"><img loading=\"lazy\" decoding=\"async\" width=\"515\" height=\"599\" src=\"https:\/\/libert-art.com\/wp-content\/uploads\/2023\/11\/photo-didentite.jpg\" alt=\"\" class=\"wp-image-272\" style=\"aspect-ratio:0.8597662771285476;width:193px;height:auto\" srcset=\"https:\/\/libert-art.com\/wp-content\/uploads\/2023\/11\/photo-didentite.jpg 515w, https:\/\/libert-art.com\/wp-content\/uploads\/2023\/11\/photo-didentite-258x300.jpg 258w\" sizes=\"auto, (max-width: 515px) 100vw, 515px\" \/><\/figure>\n<\/div>\n\n\n<p>Depuis plus de quinze ans d\u00e9j\u00e0, j&rsquo;aide des personne \u00e0 grandir dans la s\u00e9r\u00e9nit\u00e9. M\u00eame dans ma vie personnelle, J\u2019ai souvent dans les relations, une position de coach de vie et aide les autres \u00e0 la prise de conscience des raisons des difficult\u00e9s rencontr\u00e9es.<\/p>\n\n\n\n<p>Je milite aussi contre toute forme de victimisation car celle-ci enl\u00e8ve le pouvoir que l\u2019on a d\u2019am\u00e9liorer notre vie.<\/p>\n\n\n\n<p>Dipl\u00f4m\u00e9e en Olfactoth\u00e9rapie, Chromoth\u00e9rapie et ayant enseigner la PNL et l\u2019Analyse transactionnelle, je proposais aussi des r\u00eaves \u00e9veill\u00e9s ou autrement appel\u00e9s en musicoth\u00e9rapie GIMS. <\/p>\n\n\n\n<p>De plus, l\u2019art sous toutes ses formes m\u2019int\u00e9resse depuis petite ainsi que la plupart des m\u00e9tiers artisanaux.<\/p>\n\n\n\n<p>Le chemin vers l\u2019art-th\u00e9rapie \u00e9tait tout trac\u00e9. Je suis dor\u00e9navant dipl\u00f4m\u00e9 depuis 2022 en art-th\u00e9rapie et musicoth\u00e9rapie.<\/p>\n\n\n\n<p>Vous savez maintenant pourquoi il est si important pour moi de vous aider \u00e0 aller mieux.<\/p>\n\n\n\n<h3 class=\"wp-block-heading has-theme-palette-6-color has-text-color\">Quel th\u00e9rapeute suis-je ?<\/h3>\n\n\n\n<p>Tout d&rsquo;abord chaque s\u00e9ance d\u00e9bute par la d\u00e9finition du cadre. J&rsquo;ai \u00e0 c\u0153ur que vous sentiez bien pendant la cr\u00e9ation. Les locaux ont aussi soigneusement \u00e9t\u00e9 am\u00e9nag\u00e9 pour cela. Pour bien cr\u00e9er il faut savoir se mettre dans une bulle phonique et entrer en soi pour se laisser porter par le flow de la cr\u00e9ation.<\/p>\n\n\n\n<p>Autant que l&rsquo;\u0153uvre r\u00e9alis\u00e9e le processus de cr\u00e9ation est important. Pour le th\u00e9rapeute il s&rsquo;agit d&rsquo;\u00eatre le miroir de vos mots, de l&rsquo;inconscient collectif mis en place, des arch\u00e9types et l\u00e9gendes qui ont une signification dans votre v\u00e9cu ou tout du moins dans son interpr\u00e9tation. <\/p>\n\n\n\n<p>M\u00eame si dans l&rsquo;art th\u00e9rapie la parole n&rsquo;est pas indispensable je vous incite \u00e0 partager ce que vous avez v\u00e9cu pendant la cr\u00e9ation artistique. Ceci permet de finaliser la r\u00e9v\u00e9lation. Une \u00e9motion r\u00e9v\u00e9l\u00e9e peut ne plus avoir lieu d&rsquo;\u00eatre ou \u00eatre le d\u00e9but d&rsquo;une recherche pour mieux la comprendre et l&rsquo;\u00e9carter de sa vie ou au contraire l&rsquo;amplifier.<\/p>\n\n\n<div class=\"wp-block-image\">\n<figure class=\"aligncenter size-large is-resized\"><img loading=\"lazy\" decoding=\"async\" width=\"818\" height=\"1024\" src=\"https:\/\/libert-art.com\/wp-content\/uploads\/2023\/10\/gratitude-1251137_1280-818x1024.png\" alt=\"\" class=\"wp-image-161\" style=\"aspect-ratio:0.798828125;width:359px;height:auto\" srcset=\"https:\/\/libert-art.com\/wp-content\/uploads\/2023\/10\/gratitude-1251137_1280-818x1024.png 818w, https:\/\/libert-art.com\/wp-content\/uploads\/2023\/10\/gratitude-1251137_1280-240x300.png 240w, https:\/\/libert-art.com\/wp-content\/uploads\/2023\/10\/gratitude-1251137_1280-768x962.png 768w, https:\/\/libert-art.com\/wp-content\/uploads\/2023\/10\/gratitude-1251137_1280.png 1022w\" sizes=\"auto, (max-width: 818px) 100vw, 818px\" \/><\/figure>\n<\/div>","protected":false},"excerpt":{"rendered":"<p>Libert&rsquo;Art existe depuis plusieurs ann\u00e9es et \u00e0 pour but de vous proposer des exercices afin de vous sentir mieux et de vous aider \u00e0 relever les challenges de la vie j&rsquo;ai la chance d&rsquo;avoir \u00e9t\u00e9 film\u00e9e par France 3 et vous propose cette courte vid\u00e9o de pr\u00e9sentation. . Pour votre mieux \u00eatre je mets principalement&#8230;<\/p>\n","protected":false},"author":1,"featured_media":0,"parent":0,"menu_order":1,"comment_status":"closed","ping_status":"closed","template":"","meta":{"om_disable_all_campaigns":false,"_monsterinsights_skip_tracking":false,"_monsterinsights_sitenote_active":false,"_monsterinsights_sitenote_note":"","_monsterinsights_sitenote_category":0,"_kadence_starter_templates_imported_post":false,"_kad_post_transparent":"","_kad_post_title":"","_kad_post_layout":"","_kad_post_sidebar_id":"","_kad_post_content_style":"","_kad_post_vertical_padding":"","_kad_post_feature":"","_kad_post_feature_position":"","_kad_post_header":false,"_kad_post_footer":false,"footnotes":""},"class_list":["post-57","page","type-page","status-publish","hentry"],"_links":{"self":[{"href":"https:\/\/libert-art.com\/index.php\/wp-json\/wp\/v2\/pages\/57","targetHints":{"allow":["GET"]}}],"collection":[{"href":"https:\/\/libert-art.com\/index.php\/wp-json\/wp\/v2\/pages"}],"about":[{"href":"https:\/\/libert-art.com\/index.php\/wp-json\/wp\/v2\/types\/page"}],"author":[{"embeddable":true,"href":"https:\/\/libert-art.com\/index.php\/wp-json\/wp\/v2\/users\/1"}],"replies":[{"embeddable":true,"href":"https:\/\/libert-art.com\/index.php\/wp-json\/wp\/v2\/comments?post=57"}],"version-history":[{"count":12,"href":"https:\/\/libert-art.com\/index.php\/wp-json\/wp\/v2\/pages\/57\/revisions"}],"predecessor-version":[{"id":372,"href":"https:\/\/libert-art.com\/index.php\/wp-json\/wp\/v2\/pages\/57\/revisions\/372"}],"wp:attachment":[{"href":"https:\/\/libert-art.com\/index.php\/wp-json\/wp\/v2\/media?parent=57"}],"curies":[{"name":"wp","href":"https:\/\/api.w.org\/{rel}","templated":true}]}}