{"id":434,"date":"2025-05-11T14:54:53","date_gmt":"2025-05-11T14:54:53","guid":{"rendered":"https:\/\/libert-art.com\/?page_id=434"},"modified":"2025-05-11T15:01:41","modified_gmt":"2025-05-11T15:01:41","slug":"et-vous-qui-etes-vous","status":"publish","type":"page","link":"https:\/\/libert-art.com\/index.php\/et-vous-qui-etes-vous\/","title":{"rendered":"Et vous ? Qui \u00eates-vous ?"},"content":{"rendered":"\n<figure class=\"wp-block-table\"><table><tbody><tr><td>L&rsquo;art th\u00e9rapie \u00e0 distance, une opportunit\u00e9 d&rsquo;aller vers plus de bonheur ?<\/td><\/tr><\/tbody><\/table><\/figure>\n\n\n\n<h2 class=\"wp-block-heading\">L&rsquo;art- th\u00e9rapie \u00e0 distance une opportunit\u00e9 d&rsquo;aller vers plus de bonheur ?<\/h2>\n\n\n\n<p><a href=\"https:\/\/www.surveymonkey.com\/create\/?sm=thXPKhEZYpPkREu9fgCVNHv5O9sdSoHlRV9TbCkRd10_3D#\">EDIT<\/a><\/p>\n\n\n\n<p>Je suis dipl\u00f4m\u00e9 depuis 2022 d&rsquo;une formation d&rsquo;Art-th\u00e9rapie dynamique., dipl\u00f4me qui int\u00e8gre \u00e0 la fos l&rsquo;Art-th\u00e9rapie et la Musicoth\u00e9rapie. Depuis, j&rsquo;ai rajout\u00e9 une nouvelle corde \u00e0 mon arc : \u00ab\u00a0la Danse mouvement th\u00e9rapie\u00a0\u00bb.Toutes ces partiques utilisent l&rsquo;art comme moyen de se relier \u00e0 ses \u00e9motions pour mieux se comprendre, mieux appr\u00e9hender le vie et aller vers le bonheur. J&rsquo;aime entendre mes b\u00e9n\u00e9ficiares me dire qu&rsquo;ils vont bien et n&rsquo;ont plus besoin de moi. J&rsquo;imagine que pour des raisons de temps de difficult\u00e9s \u00e0 vous d\u00e9placer ou simplement d&rsquo;envie de rester dans votre confort quotidien vous pourriez \u00eatre ravis de pratiquer l&rsquo;art th\u00e9rapie dans votre cocon ? Qu&rsquo;en est-il r\u00e9ellement ? Cette \u00e9tude vous prendra juste deux minutes. Merci pour votre aide et j&rsquo;esp\u00e8re que nous resterons en contact. Caroline Arnault Libert&rsquo;Art<\/p>\n\n\n\n<p>Mon site : https:\/\/libert-art.com<\/p>\n\n\n\n<p>Ma chaine You tube : https:\/\/www.youtube.com\/@LIBERTART-76<\/p>\n\n\n\n<p>L&rsquo;adresse mail de Libert&rsquo;Art : libertart8@gmail.com<\/p>\n\n\n\n<p>Merci de votre participation \u00e0 notre sondage.  Il vous prendra maximum 4 minutes.Votre avis nous est pr\u00e9cieux. <strong>Si je fais tous ces actions de communication c&rsquo;est pour vous rencontrer.<\/strong><\/p>\n\n\n\n<iframe loading=\"lazy\" src=\"https:\/\/docs.google.com\/forms\/d\/e\/1FAIpQLScvBMrUMTYFrXC0D_crF4pCxHBtCYbn6P7gM47kDAl9DvicSg\/viewform?embedded=true\" width=\"1200\" height=\"4543\" frameborder=\"0\" marginheight=\"0\" marginwidth=\"0\">Chargement\u2026<\/iframe>\n\n\n\n<p class=\"has-text-align-center\"><mark style=\"background-color:rgba(0, 0, 0, 0)\" class=\"has-inline-color has-theme-palette-5-color\"><strong>Merci d&rsquo;avoir particip\u00e9. Je vous souhaite une tr\u00e8s belle journ\u00e9e<\/strong><\/mark>.<\/p>\n","protected":false},"excerpt":{"rendered":"<p>L&rsquo;art th\u00e9rapie \u00e0 distance, une opportunit\u00e9 d&rsquo;aller vers plus de bonheur ? L&rsquo;art- th\u00e9rapie \u00e0 distance une opportunit\u00e9 d&rsquo;aller vers plus de bonheur ? EDIT Je suis dipl\u00f4m\u00e9 depuis 2022 d&rsquo;une formation d&rsquo;Art-th\u00e9rapie dynamique., dipl\u00f4me qui int\u00e8gre \u00e0 la fos l&rsquo;Art-th\u00e9rapie et la Musicoth\u00e9rapie. Depuis, j&rsquo;ai rajout\u00e9 une nouvelle corde \u00e0 mon arc : \u00ab\u00a0la&#8230;<\/p>\n","protected":false},"author":1,"featured_media":0,"parent":0,"menu_order":0,"comment_status":"closed","ping_status":"closed","template":"","meta":{"om_disable_all_campaigns":false,"_monsterinsights_skip_tracking":false,"_monsterinsights_sitenote_active":false,"_monsterinsights_sitenote_note":"","_monsterinsights_sitenote_category":0,"_kadence_starter_templates_imported_post":false,"_kad_post_transparent":"","_kad_post_title":"","_kad_post_layout":"","_kad_post_sidebar_id":"","_kad_post_content_style":"","_kad_post_vertical_padding":"","_kad_post_feature":"","_kad_post_feature_position":"","_kad_post_header":false,"_kad_post_footer":false,"footnotes":""},"class_list":["post-434","page","type-page","status-publish","hentry"],"_links":{"self":[{"href":"https:\/\/libert-art.com\/index.php\/wp-json\/wp\/v2\/pages\/434","targetHints":{"allow":["GET"]}}],"collection":[{"href":"https:\/\/libert-art.com\/index.php\/wp-json\/wp\/v2\/pages"}],"about":[{"href":"https:\/\/libert-art.com\/index.php\/wp-json\/wp\/v2\/types\/page"}],"author":[{"embeddable":true,"href":"https:\/\/libert-art.com\/index.php\/wp-json\/wp\/v2\/users\/1"}],"replies":[{"embeddable":true,"href":"https:\/\/libert-art.com\/index.php\/wp-json\/wp\/v2\/comments?post=434"}],"version-history":[{"count":5,"href":"https:\/\/libert-art.com\/index.php\/wp-json\/wp\/v2\/pages\/434\/revisions"}],"predecessor-version":[{"id":441,"href":"https:\/\/libert-art.com\/index.php\/wp-json\/wp\/v2\/pages\/434\/revisions\/441"}],"wp:attachment":[{"href":"https:\/\/libert-art.com\/index.php\/wp-json\/wp\/v2\/media?parent=434"}],"curies":[{"name":"wp","href":"https:\/\/api.w.org\/{rel}","templated":true}]}}