{"id":392,"date":"2024-06-16T21:13:43","date_gmt":"2024-06-16T21:13:43","guid":{"rendered":"https:\/\/libert-art.com\/?page_id=392"},"modified":"2025-12-27T13:21:31","modified_gmt":"2025-12-27T13:21:31","slug":"stages","status":"publish","type":"page","link":"https:\/\/libert-art.com\/index.php\/stages\/","title":{"rendered":"Stages"},"content":{"rendered":"\n<p><strong><em>Stages d\u2019Art-th\u00e9rapie et musicoth\u00e9rapie<\/em><\/strong><\/p>\n\n\n\n<p><strong><em>Vous voulez d\u00e9couvrir \u00e0 quoi ressemble une s\u00e9ance&nbsp;:<\/em><\/strong> <a href=\"https:\/\/libert-art.com\/\" data-type=\"page\" data-id=\"57\">Accueil<\/a><\/p>\n\n\n<div class=\"wp-block-image\">\n<figure class=\"aligncenter size-large\"><img loading=\"lazy\" decoding=\"async\" width=\"682\" height=\"1024\" src=\"https:\/\/libert-art.com\/wp-content\/uploads\/2024\/06\/Femme-respire-des-fleurs-682x1024.jpg\" alt=\"\" class=\"wp-image-393\" srcset=\"https:\/\/libert-art.com\/wp-content\/uploads\/2024\/06\/Femme-respire-des-fleurs-682x1024.jpg 682w, https:\/\/libert-art.com\/wp-content\/uploads\/2024\/06\/Femme-respire-des-fleurs-200x300.jpg 200w, https:\/\/libert-art.com\/wp-content\/uploads\/2024\/06\/Femme-respire-des-fleurs-768x1152.jpg 768w, https:\/\/libert-art.com\/wp-content\/uploads\/2024\/06\/Femme-respire-des-fleurs.jpg 853w\" sizes=\"auto, (max-width: 682px) 100vw, 682px\" \/><\/figure>\n<\/div>\n\n\n<ul class=\"wp-block-list\">\n<li><strong><em>Pour l&rsquo;instant aucun stage n&rsquo;est pr\u00e9vu<\/em><\/strong><\/li>\n<\/ul>\n\n\n\n<ul class=\"wp-block-list\">\n<li><\/li>\n<\/ul>\n\n\n\n<p class=\"has-text-align-center\"><em><strong>Pour envisager la mise en place de stage appelez moi au 0611630967<\/strong><\/em><\/p>\n\n\n\n<p><em>Le nombre maximum de participants est de 4<\/em><\/p>\n\n\n\n<p><strong>Une des solutions&nbsp;: La musicoth\u00e9rapie alli\u00e9e \u00e0 l\u2019art-th\u00e9rapie<\/strong><strong><\/strong><\/p>\n\n\n<div class=\"wp-block-image\">\n<figure class=\"aligncenter size-large\"><img loading=\"lazy\" decoding=\"async\" width=\"1024\" height=\"682\" src=\"https:\/\/libert-art.com\/wp-content\/uploads\/2024\/06\/musicien-miniature-1024x682.jpg\" alt=\"\" class=\"wp-image-394\" srcset=\"https:\/\/libert-art.com\/wp-content\/uploads\/2024\/06\/musicien-miniature-1024x682.jpg 1024w, https:\/\/libert-art.com\/wp-content\/uploads\/2024\/06\/musicien-miniature-300x200.jpg 300w, https:\/\/libert-art.com\/wp-content\/uploads\/2024\/06\/musicien-miniature-768x512.jpg 768w, https:\/\/libert-art.com\/wp-content\/uploads\/2024\/06\/musicien-miniature.jpg 1280w\" sizes=\"auto, (max-width: 1024px) 100vw, 1024px\" \/><\/figure>\n<\/div>\n\n\n<p><em>Vos enfants ont des besoins sp\u00e9cifiques&nbsp;que l\u2019Art-Th\u00e9rapie et la musicoth\u00e9rapie peuvent aider \u00e0 combler.<\/em><\/p>\n\n\n\n<p><strong>Elles sont un levier possible \u00e0 l\u2019\u00e9panouissement de votre enfant et \u00e0 son int\u00e9gration sociale.<\/strong><strong><\/strong><\/p>\n\n\n\n<p>L\u2019art th\u00e9rapie permet \u00e0 la personne neuro-atypique de pouvoir travailler sur&nbsp;:<\/p>\n\n\n\n<ul class=\"wp-block-list\">\n<li>La confiance en soi<\/li>\n\n\n\n<li>La compr\u00e9hension de concepts qui ne sont int\u00e9gr\u00e9s qu\u2019en rapport au r\u00e9sultat obtenu C\u2019est aussi la notion de trace qui est importante.<\/li>\n\n\n\n<li>La verbalisation des \u00e9motions.<\/li>\n\n\n\n<li>La D\u00e9finition, la caract\u00e9risation de la mati\u00e8re et des sens<\/li>\n\n\n\n<li>La gestion des \u00e9motions <\/li>\n\n\n\n<li>L\u2019augmentation mais aussi la d\u00e9limitation dans le temps de l\u2019imaginaire<\/li>\n\n\n\n<li>Musiques et histoires renforcent l\u2019\u00e9coute.<\/li>\n\n\n\n<li>Le rythme musical apporte un cadre bienvenu pour apprendre l&rsquo;acceptation des r\u00e8gles.<\/li>\n<\/ul>\n\n\n\n<p><strong><br><\/strong><\/p>\n","protected":false},"excerpt":{"rendered":"<p>Stages d\u2019Art-th\u00e9rapie et musicoth\u00e9rapie Vous voulez d\u00e9couvrir \u00e0 quoi ressemble une s\u00e9ance&nbsp;: Accueil Pour envisager la mise en place de stage appelez moi au 0611630967 Le nombre maximum de participants est de 4 Une des solutions&nbsp;: La musicoth\u00e9rapie alli\u00e9e \u00e0 l\u2019art-th\u00e9rapie Vos enfants ont des besoins sp\u00e9cifiques&nbsp;que l\u2019Art-Th\u00e9rapie et la musicoth\u00e9rapie peuvent aider \u00e0 combler&#8230;.<\/p>\n","protected":false},"author":1,"featured_media":0,"parent":0,"menu_order":0,"comment_status":"closed","ping_status":"closed","template":"","meta":{"om_disable_all_campaigns":false,"_monsterinsights_skip_tracking":false,"_monsterinsights_sitenote_active":false,"_monsterinsights_sitenote_note":"","_monsterinsights_sitenote_category":0,"_kadence_starter_templates_imported_post":false,"_kad_post_transparent":"","_kad_post_title":"","_kad_post_layout":"","_kad_post_sidebar_id":"","_kad_post_content_style":"","_kad_post_vertical_padding":"","_kad_post_feature":"","_kad_post_feature_position":"","_kad_post_header":false,"_kad_post_footer":false,"footnotes":""},"class_list":["post-392","page","type-page","status-publish","hentry"],"_links":{"self":[{"href":"https:\/\/libert-art.com\/index.php\/wp-json\/wp\/v2\/pages\/392","targetHints":{"allow":["GET"]}}],"collection":[{"href":"https:\/\/libert-art.com\/index.php\/wp-json\/wp\/v2\/pages"}],"about":[{"href":"https:\/\/libert-art.com\/index.php\/wp-json\/wp\/v2\/types\/page"}],"author":[{"embeddable":true,"href":"https:\/\/libert-art.com\/index.php\/wp-json\/wp\/v2\/users\/1"}],"replies":[{"embeddable":true,"href":"https:\/\/libert-art.com\/index.php\/wp-json\/wp\/v2\/comments?post=392"}],"version-history":[{"count":8,"href":"https:\/\/libert-art.com\/index.php\/wp-json\/wp\/v2\/pages\/392\/revisions"}],"predecessor-version":[{"id":444,"href":"https:\/\/libert-art.com\/index.php\/wp-json\/wp\/v2\/pages\/392\/revisions\/444"}],"wp:attachment":[{"href":"https:\/\/libert-art.com\/index.php\/wp-json\/wp\/v2\/media?parent=392"}],"curies":[{"name":"wp","href":"https:\/\/api.w.org\/{rel}","templated":true}]}}