{"id":384,"date":"2024-06-16T16:52:16","date_gmt":"2024-06-16T16:52:16","guid":{"rendered":"https:\/\/libert-art.com\/?page_id=384"},"modified":"2024-06-27T07:05:49","modified_gmt":"2024-06-27T07:05:49","slug":"les-personnes-neuro-atypiques","status":"publish","type":"page","link":"https:\/\/libert-art.com\/index.php\/les-personnes-neuro-atypiques\/","title":{"rendered":"Les personnes neuro-atypiques"},"content":{"rendered":"\n<p>M\u00eame si pour l&rsquo;instant nous nous attardons particuli\u00e8rement sur le v\u00e9cu des personnes en d\u00e9ficit d&rsquo;attention ou titulaires d&rsquo;un trouble du spectre autistique., de nombreuses situations peuvent \u00eatre rapporter \u00e0 d&rsquo;autres handicaps.<\/p>\n\n\n\n<p>L\u2019art-th\u00e9rapie et la musicoth\u00e9rapie apportent des bienfaits \u00e0 tous. Si le langage peut aider \u00e0 approfondir son raisonnement et organiser ses id\u00e9es, il n\u2019est pas indispensable \u00e0 la r\u00e9ussite d\u2019une s\u00e9ance.<\/p>\n\n\n\n<p><mark style=\"background-color:rgba(0, 0, 0, 0)\" class=\"has-inline-color has-theme-palette-1-color\">Les personnes d\u00e9tentrices de Trouble du spectre autistique<\/mark><\/p>\n\n\n<div class=\"wp-block-image\">\n<figure class=\"aligncenter size-large\"><img loading=\"lazy\" decoding=\"async\" width=\"1024\" height=\"760\" src=\"https:\/\/libert-art.com\/wp-content\/uploads\/2024\/06\/Enfant-en-retrait-1024x760.jpg\" alt=\"\" class=\"wp-image-387\" srcset=\"https:\/\/libert-art.com\/wp-content\/uploads\/2024\/06\/Enfant-en-retrait-1024x760.jpg 1024w, https:\/\/libert-art.com\/wp-content\/uploads\/2024\/06\/Enfant-en-retrait-300x223.jpg 300w, https:\/\/libert-art.com\/wp-content\/uploads\/2024\/06\/Enfant-en-retrait-768x570.jpg 768w, https:\/\/libert-art.com\/wp-content\/uploads\/2024\/06\/Enfant-en-retrait.jpg 1280w\" sizes=\"auto, (max-width: 1024px) 100vw, 1024px\" \/><\/figure>\n<\/div>\n\n\n<p><strong>Qu&rsquo;est ce que le TSA (trouble du spectre autistique) ?<\/strong><\/p>\n\n\n\n<p>L\u2019autisme est un handicap dont les manifestations sont d\u00e9crites sous l&rsquo;intitul\u00e9 de Trouble du Spectre de l\u2019Autisme (TSA), c&rsquo;est un&nbsp;<strong>trouble neurod\u00e9veloppemental<\/strong>. Les premiers&nbsp;signes sont perceptibles avant l\u2019\u00e2ge de 3 ans.<sup data-fn=\"901da38a-ca0e-4678-bcac-7c6d54833f86\" class=\"fn\"><a href=\"#901da38a-ca0e-4678-bcac-7c6d54833f86\" id=\"901da38a-ca0e-4678-bcac-7c6d54833f86-link\">1<\/a><\/sup> Ces&nbsp;<strong>sympt\u00f4mes&nbsp;<\/strong>sont dus \u00e0 un dysfonctionnement c\u00e9r\u00e9bral. Les personnes autistes per\u00e7oivent ainsi le monde d\u2019une fa\u00e7on diff\u00e9rente par rapport \u00e0 une personne dite neurotypique. Le TSA (Trouble du spectre de l\u2019autisme) affecte le d\u00e9veloppement de votre enfant dans&nbsp;:<\/p>\n\n\n\n<ul class=\"wp-block-list\">\n<li><strong>la communication&nbsp;<\/strong>(langage, compr\u00e9hension, contact visuel\u2026),<\/li>\n\n\n\n<li><strong>les interactions sociales&nbsp;<\/strong>(perception et compr\u00e9hension des \u00e9motions, relations sociales, jeux\u2026),<\/li>\n\n\n\n<li><strong>le comportement<\/strong>&nbsp;(gestes st\u00e9r\u00e9otyp\u00e9s, int\u00e9r\u00eats et activit\u00e9s sp\u00e9cifiques et restreints, mise en place de routines, etc.)<\/li>\n<\/ul>\n\n\n\n<p> Les&nbsp;<strong>sympt\u00f4mes<\/strong>&nbsp;sont multiples et leur&nbsp;<strong>intensit\u00e9<\/strong>&nbsp;variable, ce qui fait que chaque personne autiste se situe diff\u00e9remment dans le spectre de l\u2019autisme. <\/p>\n\n\n\n<p>La d\u00e9ficience intellectuelle s\u2019observe \u00e0 travers des difficult\u00e9s de raisonnement, d\u2019apprentissage, d\u2019attention, de planification, de m\u00e9morisation ou&nbsp;de r\u00e9solutions de probl\u00e8mes. Aujourd\u2019hui, une approche \u00e9volutive permet de&nbsp;<strong>personnaliser l\u2019accompagnement des enfants autistes<\/strong>&nbsp;selon leurs sympt\u00f4mes et leur s\u00e9v\u00e9rit\u00e9<\/p>\n\n\n\n<p><strong>Faire face aux troubles du spectre autistiques :<\/strong><\/p>\n\n\n\n<p>Actuellement, il n\u2019existe&nbsp;<strong>aucun traitement<\/strong>&nbsp;<strong>m\u00e9dicamenteux<\/strong>&nbsp;pour l\u2019autisme. Le handicap est donc pr\u00e9sent toute la vie, y compris \u00e0 l\u2019\u00e2ge adulte. Mais il existe des approches \u00e9ducatives, comportementales et d\u00e9veloppementales qui agissent sur les sympt\u00f4mes. Ces interventions sont alors essentielles pour soutenir le d\u00e9veloppement global de l\u2019enfant<strong>. &nbsp;Et ce m\u00eame si l\u2019enfant va tout faire pour les \u00e9viter.<\/strong> <\/p>\n\n\n\n<p>Les interventions sp\u00e9cialis\u00e9es et individualis\u00e9es ont pour objectif de permettre \u00e0 votre enfant de faire des progr\u00e8s. La musicoth\u00e9rapie alli\u00e9e \u00e0 l&rsquo;art-th\u00e9rapie et \u00e0 l&rsquo;Olfactoth\u00e9rapie en fond partie.<\/p>\n\n\n<div class=\"wp-block-image\">\n<figure class=\"aligncenter size-large\"><img loading=\"lazy\" decoding=\"async\" width=\"1024\" height=\"681\" src=\"https:\/\/libert-art.com\/wp-content\/uploads\/2024\/06\/Enfants-chamailleries-1024x681.jpg\" alt=\"\" class=\"wp-image-389\" srcset=\"https:\/\/libert-art.com\/wp-content\/uploads\/2024\/06\/Enfants-chamailleries-1024x681.jpg 1024w, https:\/\/libert-art.com\/wp-content\/uploads\/2024\/06\/Enfants-chamailleries-300x199.jpg 300w, https:\/\/libert-art.com\/wp-content\/uploads\/2024\/06\/Enfants-chamailleries-768x511.jpg 768w, https:\/\/libert-art.com\/wp-content\/uploads\/2024\/06\/Enfants-chamailleries.jpg 1280w\" sizes=\"auto, (max-width: 1024px) 100vw, 1024px\" \/><\/figure>\n<\/div>\n\n\n<p><strong>Les personnes hyper actives et celles qui ont des troubles de l\u2019attention<\/strong> :<\/p>\n\n\n\n<p>TDA\/H<a href=\"#_ftn1\" id=\"_ftnref1\">[1]<\/a>est l\u2019acronyme de \u00ab&nbsp;Trouble D\u00e9ficitaire de l\u2019Attention avec ou sans Hyperactivit\u00e9&nbsp;\u00bb.<sup data-fn=\"88579915-9c67-4514-a8af-a6c72c6304ea\" class=\"fn\"><a href=\"#88579915-9c67-4514-a8af-a6c72c6304ea\" id=\"88579915-9c67-4514-a8af-a6c72c6304ea-link\">2<\/a><\/sup> Ce trouble polyg\u00e9nique d\u00fb \u00e0 une constellation de d\u00e9fectuosit\u00e9s dans des milliers de g\u00eanes est d\u00e9crit d\u00e8s 1798, par Alexander Crichton. En tant que trouble de l\u2019inhibition ce trouble engendre des difficult\u00e9s \u00e0 moduler les id\u00e9es, les gestes, les \u00e9motions et les comportements. La difficult\u00e9 \u00e0 rester attentif reste le sympt\u00f4me le plus fr\u00e9quent tant les ressources attentionnelles sont vite dispers\u00e9es par des stimuli externes. Ces personnes finissent difficilement leur travail, s\u2019\u00e9parpillent, procrastinent et ont des difficult\u00e9s avec la notion et la gestion du temps.<\/p>\n\n\n\n<p><strong>Qu&rsquo;elles sont les cons\u00e9quences  du \u00ab&nbsp;Trouble D\u00e9ficitaire de l\u2019Attention avec ou sans Hyperactivit\u00e9&nbsp;\u00bb ?<\/strong><\/p>\n\n\n\n<p>Ces troubles enclenchent une mauvaise image de soi<sup data-fn=\"0c32bbb5-1231-440d-993c-d5de667d5ba9\" class=\"fn\"><a href=\"#0c32bbb5-1231-440d-993c-d5de667d5ba9\" id=\"0c32bbb5-1231-440d-993c-d5de667d5ba9-link\">3<\/a><\/sup> tant la personne peu concentr\u00e9e est rejet\u00e9e par les neurotypiques qui n\u2019obtiennent pas les r\u00e9ponses souhait\u00e9es au moment souhait\u00e9.<\/p>\n\n\n\n<p>L\u2019impulsivit\u00e9 ne permet pas une prise de recul sur l\u2019\u00e9motion et sur la fa\u00e7on de les exprimer<strong>. <\/strong>Elle est due \u00e0 une difficult\u00e9 \u00e0 canaliser l\u2019\u00e9nergie mise dans l\u2019\u00e9motion.<\/p>\n\n\n\n<p>La m\u00e9moire est un muscle. Elle n\u00e9cessite un entrainement r\u00e9gulier. La concentration est bien entendu indispensable \u00e0 la m\u00e9morisation.<\/p>\n\n\n\n<p>En cons\u00e9quence, en cabinet j\u2019ai pu observer des difficult\u00e9s \u00e0 appr\u00e9cier le vide, la stabilit\u00e9 et les d\u00e9tails qui sans doute demandent plus de concentration.<\/p>\n\n\n\n<p><strong>Faire face aux troubles de l\u2019attention et \u00e0 l\u2019hyperactivit\u00e9&nbsp;?<\/strong><\/p>\n\n\n\n<p>Ici je ne parlerai pas de traitement m\u00e9dicamenteux m\u00eame s\u2019ils peuvent \u00eatre indiqu\u00e9s \u00e0 vos enfants.<\/p>\n\n\n\n<p>Plus que tout votre enfant a besoin de RALENTIR pour mieux appr\u00e9cier.<\/p>\n\n\n\n<p>Votre enfant a besoin du cadre et de limites pour apprendre \u00e0 mieux s\u2019organiser mais aussi limiter le stress.<\/p>\n\n\n\n<p>Dans cette maladie la gestion des \u00e9motions est essentielle ainsi que le renforcement de l\u2019estime de soi. Cela n\u00e9cessite aussi des exercices o\u00f9 il apprend \u00e0 se connaitre. L\u2019histoire th\u00e9rapeutique peut aussi aider.<\/p>\n\n\n\n<p>La m\u00e9moire peut aussi \u00eatre d\u00e9velopp\u00e9e dans l\u2019\u00e9coute de rythmes musicaux et de reproduction de ceux-ci.<\/p>\n\n\n\n<p>Le silence et la m\u00e9ditation, la vie en pleine conscience<sup data-fn=\"1a495a94-6f62-4ca6-af47-541589602a7e\" class=\"fn\"><a href=\"#1a495a94-6f62-4ca6-af47-541589602a7e\" id=\"1a495a94-6f62-4ca6-af47-541589602a7e-link\">4<\/a><\/sup>, aident \u00e0 faire baisser le stress, \u00e0 cr\u00e9er de nouvelles cellules neuronales \u00e0 augmenter la concentration et \u00e0 imaginer d&rsquo;autres fa\u00e7ons de faire face \u00e0 la vie. C&rsquo;est aussi dans le silence que l&rsquo; on peut placer certains concepts appris dans une projection future. Ceci peut-\u00eatre d&rsquo;une grande aide autant pour les neurotypiques que pour les neuro-atypiques.<\/p>\n\n\n\n<p><strong>TSA ou TDH\/A L\u2019art- th\u00e9rapie, la musicoth\u00e9rapie et l&rsquo;Olfactoth\u00e9rapie un levier possible \u00e0 l\u2019\u00e9panouissement de votre enfant et \u00e0 son int\u00e9gration sociale.<\/strong><\/p>\n\n\n\n<p><strong>L\u2019art th\u00e9rapie permet \u00e0 la personne neuro-atypique de pouvoir travailler sur&nbsp;:<\/strong><\/p>\n\n\n\n<div class=\"wp-block-columns is-layout-flex wp-container-core-columns-is-layout-9d6595d7 wp-block-columns-is-layout-flex\">\n<div class=\"wp-block-column is-layout-flow wp-block-column-is-layout-flow\" style=\"flex-basis:100%\"><div class=\"wp-block-image\">\n<figure class=\"aligncenter size-full\"><img loading=\"lazy\" decoding=\"async\" width=\"820\" height=\"460\" src=\"https:\/\/libert-art.com\/wp-content\/uploads\/2024\/06\/Retravaillee.jpg\" alt=\"\" class=\"wp-image-390\" srcset=\"https:\/\/libert-art.com\/wp-content\/uploads\/2024\/06\/Retravaillee.jpg 820w, https:\/\/libert-art.com\/wp-content\/uploads\/2024\/06\/Retravaillee-300x168.jpg 300w, https:\/\/libert-art.com\/wp-content\/uploads\/2024\/06\/Retravaillee-768x431.jpg 768w\" sizes=\"auto, (max-width: 820px) 100vw, 820px\" \/><\/figure>\n<\/div><\/div>\n<\/div>\n\n\n\n<ul class=\"wp-block-list\">\n<li>La confiance en soi que perdent certains autistes\/ TDHA au contact d\u2019autres personnes qui attendent des comportements st\u00e9r\u00e9otyp\u00e9s.<\/li>\n\n\n\n<li>La compr\u00e9hension de concepts qui n\u2019existe pas de fa\u00e7on intellectuelle mais plus par l\u2019apprentissage de ce qu\u2019apporte le r\u00e9sultat. En art-th\u00e9rapie nous travaillons sur l\u2019\u00e9motion mais aussi nous produisons des objets concrets. C\u2019est aussi la notion de trace qui est importante.<\/li>\n\n\n\n<li>La verbalisation des \u00e9motions. Monde bien \u00e9trange pour les personnes atteinte de troubles autistiques.<\/li>\n\n\n\n<li>La d\u00e9finition, caract\u00e9risation de la mati\u00e8re \u00e0 travers l\u2019exploitation de mati\u00e8res diff\u00e9rentes et de ce que cela inspire \u00e0 la personne.<\/li>\n\n\n\n<li>La gestion des \u00e9motions et notamment la col\u00e8re qui peut se faire autrement que par des actes violents et ce m\u00eame si le chemin peut \u00eatre long. Dans le m\u00eame registre, l\u2019art-th\u00e9rapie peut aider \u00e0 travers le groupe \u00e0 reconnaitre l\u2019\u00e9motion chez les autres voir \u00e0 la jouer en fonction de l\u2019impact que l\u2019on veut avoir sur l\u2019autre par le mime par exemple.<\/li>\n\n\n\n<li>L\u2019augmentation mais aussi la d\u00e9limitation dans le temps de l\u2019imaginaire afin de trouver de multiples fa\u00e7ons de solutionner les probl\u00e8mes rencontr\u00e9s. La m\u00e9ditation consciente permet de rester dans le pr\u00e9sent tout comme le rythme&nbsp; et&nbsp; les d\u00e9placements en musique permettent de rester dans le cadre.<\/li>\n\n\n\n<li>Musiques et histoires renforcent l\u2019\u00e9coute.<\/li>\n<\/ul>\n\n\n\n<p>Cette liste n&rsquo;est pas exhaustive.<\/p>\n\n\n\n<p>Vous voulez en savoir plus sur le d\u00e9roulement d&rsquo;une s\u00e9ance <a href=\"https:\/\/libert-art.com\/\" data-type=\"page\" data-id=\"57\">Accueil<\/a>.<\/p>\n\n\n\n<p>Un trouble neurologique non pris en charge ne peut que s\u2019aggraver avec le temps.<\/p>\n\n\n\n<p>Pour toutes gu\u00e9risons la motivation \u00e9tant essentielle, <strong>pour aider chaque enfant des s\u00e9ances peuvent \u00eatre faites en individuel et s\u2019inspirer de leurs centres d\u2019int\u00e9r\u00eats sp\u00e9cifiques.<\/strong><\/p>\n\n\n\n<p>Pendant plusieurs mois j&rsquo;ai collabor\u00e9 avec Marianne Leroy Neuropsychologue : <\/p>\n\n\n\n<div class=\"wp-block-group\"><div class=\"wp-block-group__inner-container is-layout-constrained wp-block-group-is-layout-constrained\">\n<div class=\"wp-block-group\"><div class=\"wp-block-group__inner-container is-layout-constrained wp-block-group-is-layout-constrained\">\n<p class=\"has-text-align-center\"><\/p>\n<\/div><\/div>\n\n\n\n<figure class=\"wp-block-table is-style-stripes\"><table><tbody><tr><td>                                                                                                      <strong><em>Message de Marianne Leroy<\/em><br>                                                                                                             <em>Neuropsychologue<\/em><\/strong><br>Caroline est arriv\u00e9e en soutien dans l\u2019animation de mes s\u00e9ances de groupe de rem\u00e9diation cognitive et comportementale en neuropsychologue depuis mars 2024. En sus de cet apport pratique, son approche en art-th\u00e9rapie appara\u00eet compl\u00e9mentaire sur plusieurs plans aux exercices propos\u00e9s en neuropsychologie, notamment la sollicitation du corps encore plus pr\u00e9sente et une sollicitation diff\u00e9rente des \u00e9motions.\u00a0\u00a0<br>Ainsi, apr\u00e8s avoir propos\u00e9 sur le mois de juin des s\u00e9ances \u00e0 l\u2019articulation entre la neuropsychologie et l\u2019art-th\u00e9rapie, je suis convaincue que la participation \u00e0 des s\u00e9ances d\u2019art-th\u00e9rapie, et\/ou de musicoth\u00e9rapie permettrait aux enfants d\u2019entretenir diff\u00e9remment des habilet\u00e9s sensorielles, \u00e9motionnelles, ou introspectives permettant l\u2019ouverture \u00e0 la confiance en soi . Ce serait b\u00e9n\u00e9fique au maintien des acquis et au d\u00e9veloppement de certaines comp\u00e9tences \u00e9mergentes n\u00e9cessaires \u00e0 la poursuite de l\u2019\u00e9volution de l\u2019enfant \u00e0 besoins particuliers.<\/td><\/tr><\/tbody><\/table><\/figure>\n<\/div><\/div>\n\n\n\n<p><\/p>\n\n\n<ol class=\"wp-block-footnotes\"><li id=\"901da38a-ca0e-4678-bcac-7c6d54833f86\"><a href=\"https:\/\/gncra.fr\/outils\/outils-des-cra\/cra-ile-de-france-affiche-quest-ce-que-lautisme\/\">https:\/\/gncra.fr\/outils\/outils-des-cra\/cra-ile-de-france-affiche-quest-ce-que-lautisme\/<\/a> <a href=\"#901da38a-ca0e-4678-bcac-7c6d54833f86-link\" aria-label=\"Aller \u00e0 la note de bas de page 1\">\u21a9\ufe0e<\/a><\/li><li id=\"88579915-9c67-4514-a8af-a6c72c6304ea\">Livre de Pascale de Coster,\u00a0\u00bbLe TDA\/H chez l&rsquo;enfant. Aider mon enfant \u00e0 d\u00e9ployer son plein potentiel, Edition Mardage <a href=\"#88579915-9c67-4514-a8af-a6c72c6304ea-link\" aria-label=\"Aller \u00e0 la note de bas de page 2\">\u21a9\ufe0e<\/a><\/li><li id=\"0c32bbb5-1231-440d-993c-d5de667d5ba9\">Livre de Temple Grandin et Sean Barroin \u00ab\u00a0Pourquoi jouer avec les enfants du quartier alors que je voudrais compter les grains de sables ?\u00a0\u00bb <a href=\"#0c32bbb5-1231-440d-993c-d5de667d5ba9-link\" aria-label=\"Aller \u00e0 la note de bas de page 3\">\u21a9\ufe0e<\/a><\/li><li id=\"1a495a94-6f62-4ca6-af47-541589602a7e\">. Livre de Lidia Zylowska. \u00ab\u00a0Mon programme pour g\u00e9rer le TDA-H avec la pleine conscience. Edition Deboeck <a href=\"#1a495a94-6f62-4ca6-af47-541589602a7e-link\" aria-label=\"Aller \u00e0 la note de bas de page 4\">\u21a9\ufe0e<\/a><\/li><\/ol>","protected":false},"excerpt":{"rendered":"<p>M\u00eame si pour l&rsquo;instant nous nous attardons particuli\u00e8rement sur le v\u00e9cu des personnes en d\u00e9ficit d&rsquo;attention ou titulaires d&rsquo;un trouble du spectre autistique., de nombreuses situations peuvent \u00eatre rapporter \u00e0 d&rsquo;autres handicaps. L\u2019art-th\u00e9rapie et la musicoth\u00e9rapie apportent des bienfaits \u00e0 tous. Si le langage peut aider \u00e0 approfondir son raisonnement et organiser ses id\u00e9es, il&#8230;<\/p>\n","protected":false},"author":1,"featured_media":0,"parent":0,"menu_order":0,"comment_status":"closed","ping_status":"closed","template":"","meta":{"om_disable_all_campaigns":false,"_monsterinsights_skip_tracking":false,"_monsterinsights_sitenote_active":false,"_monsterinsights_sitenote_note":"","_monsterinsights_sitenote_category":0,"_kadence_starter_templates_imported_post":false,"_kad_post_transparent":"","_kad_post_title":"","_kad_post_layout":"","_kad_post_sidebar_id":"","_kad_post_content_style":"","_kad_post_vertical_padding":"","_kad_post_feature":"","_kad_post_feature_position":"","_kad_post_header":false,"_kad_post_footer":false,"footnotes":"[{\"content\":\"<a href=\\\"https:\/\/gncra.fr\/outils\/outils-des-cra\/cra-ile-de-france-affiche-quest-ce-que-lautisme\/\\\">https:\/\/gncra.fr\/outils\/outils-des-cra\/cra-ile-de-france-affiche-quest-ce-que-lautisme\/<\/a>\",\"id\":\"901da38a-ca0e-4678-bcac-7c6d54833f86\"},{\"content\":\"Livre de Pascale de Coster,\\\"Le TDA\/H chez l'enfant. Aider mon enfant \u00e0 d\u00e9ployer son plein potentiel, Edition Mardage\",\"id\":\"88579915-9c67-4514-a8af-a6c72c6304ea\"},{\"content\":\"Livre de Temple Grandin et Sean Barroin \\\"Pourquoi jouer avec les enfants du quartier alors que je voudrais compter les grains de sables ?\\\"\",\"id\":\"0c32bbb5-1231-440d-993c-d5de667d5ba9\"},{\"content\":\". Livre de Lidia Zylowska. \\\"Mon programme pour g\u00e9rer le TDA-H avec la pleine conscience. Edition Deboeck\",\"id\":\"1a495a94-6f62-4ca6-af47-541589602a7e\"}]"},"class_list":["post-384","page","type-page","status-publish","hentry"],"_links":{"self":[{"href":"https:\/\/libert-art.com\/index.php\/wp-json\/wp\/v2\/pages\/384","targetHints":{"allow":["GET"]}}],"collection":[{"href":"https:\/\/libert-art.com\/index.php\/wp-json\/wp\/v2\/pages"}],"about":[{"href":"https:\/\/libert-art.com\/index.php\/wp-json\/wp\/v2\/types\/page"}],"author":[{"embeddable":true,"href":"https:\/\/libert-art.com\/index.php\/wp-json\/wp\/v2\/users\/1"}],"replies":[{"embeddable":true,"href":"https:\/\/libert-art.com\/index.php\/wp-json\/wp\/v2\/comments?post=384"}],"version-history":[{"count":4,"href":"https:\/\/libert-art.com\/index.php\/wp-json\/wp\/v2\/pages\/384\/revisions"}],"predecessor-version":[{"id":416,"href":"https:\/\/libert-art.com\/index.php\/wp-json\/wp\/v2\/pages\/384\/revisions\/416"}],"wp:attachment":[{"href":"https:\/\/libert-art.com\/index.php\/wp-json\/wp\/v2\/media?parent=384"}],"curies":[{"name":"wp","href":"https:\/\/api.w.org\/{rel}","templated":true}]}}