{"id":373,"date":"2024-06-16T10:03:44","date_gmt":"2024-06-16T10:03:44","guid":{"rendered":"https:\/\/libert-art.com\/?page_id=373"},"modified":"2024-06-16T10:03:44","modified_gmt":"2024-06-16T10:03:44","slug":"art-therapie-musicotherapie-et-profil-neurotypique","status":"publish","type":"page","link":"https:\/\/libert-art.com\/index.php\/art-therapie-musicotherapie-et-profil-neurotypique\/","title":{"rendered":"Art-th\u00e9rapie\/ Musicoth\u00e9rapie et profil neurotypique"},"content":{"rendered":"<div class=\"wp-block-image\">\n<figure class=\"aligncenter size-full\"><img loading=\"lazy\" decoding=\"async\" width=\"369\" height=\"370\" src=\"https:\/\/libert-art.com\/wp-content\/uploads\/2024\/06\/20230221_223011.png\" alt=\"\" class=\"wp-image-374\" srcset=\"https:\/\/libert-art.com\/wp-content\/uploads\/2024\/06\/20230221_223011.png 369w, https:\/\/libert-art.com\/wp-content\/uploads\/2024\/06\/20230221_223011-300x300.png 300w, https:\/\/libert-art.com\/wp-content\/uploads\/2024\/06\/20230221_223011-150x150.png 150w\" sizes=\"auto, (max-width: 369px) 100vw, 369px\" \/><\/figure>\n<\/div>\n\n\n<p>Art-th\u00e9rapie\/ musicoth\u00e9rapie et personnes en bonne sante<\/p>\n\n\n\n<p>Dans ce que ces techniques ont de r\u00e9cr\u00e9atives, elles peuvent \u00eatre l&rsquo;occasion de se ressourcer un instant. Beaucoup de mes b\u00e9n\u00e9ficiaires sont venues pour travailler l&rsquo;estime d&rsquo;elles m\u00eames et leur place dans la soci\u00e9t\u00e9.<\/p>\n\n\n\n<p>Ceci peut par exemple \u00eatre travaill\u00e9 avec la technique du masque :<\/p>\n\n\n\n<div class=\"wp-block-group\"><div class=\"wp-block-group__inner-container is-layout-constrained wp-block-group-is-layout-constrained\">\n<div class=\"wp-block-columns is-layout-flex wp-container-core-columns-is-layout-9d6595d7 wp-block-columns-is-layout-flex\">\n<div class=\"wp-block-column is-layout-flow wp-block-column-is-layout-flow\">\n<div class=\"wp-block-cover\"><span aria-hidden=\"true\" class=\"wp-block-cover__background has-background-dim\"><\/span><img loading=\"lazy\" decoding=\"async\" width=\"1024\" height=\"821\" class=\"wp-block-cover__image-background wp-image-377\" alt=\"\" src=\"https:\/\/libert-art.com\/wp-content\/uploads\/2024\/06\/Photo-Masques-1-retravaillees-1-1024x821.jpg\" data-object-fit=\"cover\" srcset=\"https:\/\/libert-art.com\/wp-content\/uploads\/2024\/06\/Photo-Masques-1-retravaillees-1-1024x821.jpg 1024w, https:\/\/libert-art.com\/wp-content\/uploads\/2024\/06\/Photo-Masques-1-retravaillees-1-300x241.jpg 300w, https:\/\/libert-art.com\/wp-content\/uploads\/2024\/06\/Photo-Masques-1-retravaillees-1-768x616.jpg 768w, https:\/\/libert-art.com\/wp-content\/uploads\/2024\/06\/Photo-Masques-1-retravaillees-1-1536x1231.jpg 1536w, https:\/\/libert-art.com\/wp-content\/uploads\/2024\/06\/Photo-Masques-1-retravaillees-1-2048x1642.jpg 2048w\" sizes=\"auto, (max-width: 1024px) 100vw, 1024px\" \/><div class=\"wp-block-cover__inner-container is-layout-flow wp-block-cover-is-layout-flow\">\n<p class=\"has-text-align-center has-large-font-size\">Ce que je montre<\/p>\n<\/div><\/div>\n<\/div>\n\n\n\n<div class=\"wp-block-column is-layout-flow wp-block-column-is-layout-flow\">\n<div class=\"wp-block-cover\"><span aria-hidden=\"true\" class=\"wp-block-cover__background has-background-dim\"><\/span><img loading=\"lazy\" decoding=\"async\" width=\"1024\" height=\"853\" class=\"wp-block-cover__image-background wp-image-378\" alt=\"\" src=\"https:\/\/libert-art.com\/wp-content\/uploads\/2024\/06\/Photos-masques-2retravaillees-1-1024x853.jpg\" data-object-fit=\"cover\" srcset=\"https:\/\/libert-art.com\/wp-content\/uploads\/2024\/06\/Photos-masques-2retravaillees-1-1024x853.jpg 1024w, https:\/\/libert-art.com\/wp-content\/uploads\/2024\/06\/Photos-masques-2retravaillees-1-300x250.jpg 300w, https:\/\/libert-art.com\/wp-content\/uploads\/2024\/06\/Photos-masques-2retravaillees-1-768x640.jpg 768w, https:\/\/libert-art.com\/wp-content\/uploads\/2024\/06\/Photos-masques-2retravaillees-1-1536x1279.jpg 1536w, https:\/\/libert-art.com\/wp-content\/uploads\/2024\/06\/Photos-masques-2retravaillees-1-2048x1705.jpg 2048w\" sizes=\"auto, (max-width: 1024px) 100vw, 1024px\" \/><div class=\"wp-block-cover__inner-container is-layout-flow wp-block-cover-is-layout-flow\">\n<p class=\"has-text-align-center has-large-font-size\">Ce que je suis<\/p>\n<\/div><\/div>\n<\/div>\n<\/div>\n<\/div><\/div>\n\n\n\n<div class=\"wp-block-columns is-layout-flex wp-container-core-columns-is-layout-9d6595d7 wp-block-columns-is-layout-flex\">\n<div class=\"wp-block-column is-layout-flow wp-block-column-is-layout-flow\">\n<p class=\"has-text-align-center\">Le masque permet de se rendre compte du delta entre ce que l&rsquo;on parait et ce que l&rsquo;on est vraiment et de se questionner sur ce qui l&rsquo;explique.<\/p>\n\n\n\n<p>D&rsquo;autres exercices peuvent \u00eatre aussi propos\u00e9s pour d\u00e9velopper le cerveaux \u00ab\u00a0\u00e9motionnel\u00a0\u00bb, trop peu utilis\u00e9 en Occident. Ces exercices permettent de voir la vie avec plus de possibilit\u00e9s que nous le dicte le cerveaux  utilis\u00e9 habituellement, par des calques de ce qu&rsquo;il connait. Habituez vous \u00e0 travailler avec la main non dominante ou \u00e0 dessiner avec des dessin mis \u00e0 l&rsquo;envers.<\/p>\n\n\n<div class=\"wp-block-image\">\n<figure class=\"aligncenter size-large\"><img loading=\"lazy\" decoding=\"async\" width=\"1024\" height=\"768\" src=\"https:\/\/libert-art.com\/wp-content\/uploads\/2024\/06\/20220625_154635-1024x768.jpg\" alt=\"\" class=\"wp-image-379\" srcset=\"https:\/\/libert-art.com\/wp-content\/uploads\/2024\/06\/20220625_154635-1024x768.jpg 1024w, https:\/\/libert-art.com\/wp-content\/uploads\/2024\/06\/20220625_154635-300x225.jpg 300w, https:\/\/libert-art.com\/wp-content\/uploads\/2024\/06\/20220625_154635-768x576.jpg 768w, https:\/\/libert-art.com\/wp-content\/uploads\/2024\/06\/20220625_154635-1536x1152.jpg 1536w, https:\/\/libert-art.com\/wp-content\/uploads\/2024\/06\/20220625_154635-2048x1536.jpg 2048w\" sizes=\"auto, (max-width: 1024px) 100vw, 1024px\" \/><\/figure>\n<\/div>\n\n\n<p class=\"has-text-align-center\">Ici, le motif utilis\u00e9 est le signe de la transformation celtique<\/p>\n\n\n\n<p>La technique en humide\/humide du Dr Hauschka aide par ce qu&rsquo;elle travaille sur notre \u00e9nergie \u00e0 travers le corps aqueux. Il s&rsquo;agit d&rsquo;une\u00a0<strong>technique de peinture th\u00e9rapeutique mettant en jeu le contact avec la mati\u00e8re, le regard, la couleur et l&rsquo;imagination<\/strong>.\u00a0Elle permet aussi de fluidifier les \u00e9motions \u00e0 travers des fondus de couleurs compl\u00e9mentaires.<\/p>\n\n\n\n<div class=\"wp-block-cover\"><span aria-hidden=\"true\" class=\"wp-block-cover__background has-background-dim\"><\/span><img loading=\"lazy\" decoding=\"async\" width=\"1024\" height=\"775\" class=\"wp-block-cover__image-background wp-image-381\" alt=\"\" src=\"https:\/\/libert-art.com\/wp-content\/uploads\/2024\/06\/Fonds-bleu-vert-retravailles-1024x775.jpg\" data-object-fit=\"cover\" srcset=\"https:\/\/libert-art.com\/wp-content\/uploads\/2024\/06\/Fonds-bleu-vert-retravailles-1024x775.jpg 1024w, https:\/\/libert-art.com\/wp-content\/uploads\/2024\/06\/Fonds-bleu-vert-retravailles-300x227.jpg 300w, https:\/\/libert-art.com\/wp-content\/uploads\/2024\/06\/Fonds-bleu-vert-retravailles-768x581.jpg 768w, https:\/\/libert-art.com\/wp-content\/uploads\/2024\/06\/Fonds-bleu-vert-retravailles-1536x1163.jpg 1536w, https:\/\/libert-art.com\/wp-content\/uploads\/2024\/06\/Fonds-bleu-vert-retravailles-2048x1550.jpg 2048w\" sizes=\"auto, (max-width: 1024px) 100vw, 1024px\" \/><div class=\"wp-block-cover__inner-container is-layout-flow wp-block-cover-is-layout-flow\">\n<p class=\"has-text-align-center has-large-font-size\">Travail sur la mutation des \u00e9motions<\/p>\n<\/div><\/div>\n<\/div>\n<\/div>\n\n\n\n<p class=\"has-text-align-center\">Ce travail permet aussi d&rsquo;aider au deuil.<\/p>\n\n\n\n<p>En fonction des supports utilis\u00e9s et des m\u00e9diums l&rsquo;objectif du travail peut aussi diverger. Et vous quel est votre m\u00e9dium pr\u00e9f\u00e9r\u00e9 ? Savez-vous pourquoi ?<\/p>\n","protected":false},"excerpt":{"rendered":"<p>Art-th\u00e9rapie\/ musicoth\u00e9rapie et personnes en bonne sante Dans ce que ces techniques ont de r\u00e9cr\u00e9atives, elles peuvent \u00eatre l&rsquo;occasion de se ressourcer un instant. Beaucoup de mes b\u00e9n\u00e9ficiaires sont venues pour travailler l&rsquo;estime d&rsquo;elles m\u00eames et leur place dans la soci\u00e9t\u00e9. Ceci peut par exemple \u00eatre travaill\u00e9 avec la technique du masque : Le masque&#8230;<\/p>\n","protected":false},"author":1,"featured_media":0,"parent":0,"menu_order":0,"comment_status":"closed","ping_status":"closed","template":"","meta":{"om_disable_all_campaigns":false,"_monsterinsights_skip_tracking":false,"_monsterinsights_sitenote_active":false,"_monsterinsights_sitenote_note":"","_monsterinsights_sitenote_category":0,"_kadence_starter_templates_imported_post":false,"_kad_post_transparent":"","_kad_post_title":"","_kad_post_layout":"","_kad_post_sidebar_id":"","_kad_post_content_style":"","_kad_post_vertical_padding":"","_kad_post_feature":"","_kad_post_feature_position":"","_kad_post_header":false,"_kad_post_footer":false,"footnotes":""},"class_list":["post-373","page","type-page","status-publish","hentry"],"_links":{"self":[{"href":"https:\/\/libert-art.com\/index.php\/wp-json\/wp\/v2\/pages\/373","targetHints":{"allow":["GET"]}}],"collection":[{"href":"https:\/\/libert-art.com\/index.php\/wp-json\/wp\/v2\/pages"}],"about":[{"href":"https:\/\/libert-art.com\/index.php\/wp-json\/wp\/v2\/types\/page"}],"author":[{"embeddable":true,"href":"https:\/\/libert-art.com\/index.php\/wp-json\/wp\/v2\/users\/1"}],"replies":[{"embeddable":true,"href":"https:\/\/libert-art.com\/index.php\/wp-json\/wp\/v2\/comments?post=373"}],"version-history":[{"count":1,"href":"https:\/\/libert-art.com\/index.php\/wp-json\/wp\/v2\/pages\/373\/revisions"}],"predecessor-version":[{"id":383,"href":"https:\/\/libert-art.com\/index.php\/wp-json\/wp\/v2\/pages\/373\/revisions\/383"}],"wp:attachment":[{"href":"https:\/\/libert-art.com\/index.php\/wp-json\/wp\/v2\/media?parent=373"}],"curies":[{"name":"wp","href":"https:\/\/api.w.org\/{rel}","templated":true}]}}