{"id":181,"date":"2023-10-13T08:20:35","date_gmt":"2023-10-13T08:20:35","guid":{"rendered":"https:\/\/libert-art.com\/?page_id=181"},"modified":"2024-06-17T10:32:32","modified_gmt":"2024-06-17T10:32:32","slug":"contactez-moi","status":"publish","type":"page","link":"https:\/\/libert-art.com\/index.php\/contactez-moi\/","title":{"rendered":"Contactez moi"},"content":{"rendered":"\n<p class=\"has-text-align-center\"><strong>Je vous r\u00e9ponds au plus vite.<\/strong><\/p>\n\n\n\n<p><\/p>\n\n\n<div class=\"wp-block-image\">\n<figure class=\"aligncenter size-large\"><img loading=\"lazy\" decoding=\"async\" width=\"1024\" height=\"576\" src=\"https:\/\/libert-art.com\/wp-content\/uploads\/2023\/10\/20231012_133211-1-1024x576.jpg\" alt=\"\" class=\"wp-image-227\" srcset=\"https:\/\/libert-art.com\/wp-content\/uploads\/2023\/10\/20231012_133211-1-1024x576.jpg 1024w, https:\/\/libert-art.com\/wp-content\/uploads\/2023\/10\/20231012_133211-1-300x169.jpg 300w, https:\/\/libert-art.com\/wp-content\/uploads\/2023\/10\/20231012_133211-1-768x432.jpg 768w, https:\/\/libert-art.com\/wp-content\/uploads\/2023\/10\/20231012_133211-1-1536x864.jpg 1536w, https:\/\/libert-art.com\/wp-content\/uploads\/2023\/10\/20231012_133211-1-2048x1152.jpg 2048w\" sizes=\"auto, (max-width: 1024px) 100vw, 1024px\" \/><\/figure>\n<\/div>\n\n\n<p>Vous avez des questions ? Des pr\u00e9f\u00e9rences concernant un m\u00e9dia ou un m\u00e9dium ? Vous souhaitez savoir s&rsquo;il faut mieux que vous travaillez en individuel ou en groupe ? N&rsquo;h\u00e9sitez pas \u00e0 formuler vos questions ci-dessous<\/p>\n\n\n<div class=\"wpforms-container wpforms-container-full wpforms-block wpforms-block-6eef5d90-dfdc-46f4-97f6-e23a351b592d\" id=\"wpforms-177\"><form id=\"wpforms-form-177\" class=\"wpforms-validate wpforms-form wpforms-ajax-form\" data-formid=\"177\" method=\"post\" enctype=\"multipart\/form-data\" action=\"\/index.php\/wp-json\/wp\/v2\/pages\/181\" data-token=\"e0e8e81400c296b96304a6a756d95926\" data-token-time=\"1776376769\"><noscript class=\"wpforms-error-noscript\">Veuillez activer JavaScript dans votre navigateur pour remplir ce formulaire.<\/noscript><div class=\"wpforms-field-container\"><div id=\"wpforms-177-field_1-container\" class=\"wpforms-field wpforms-field-name\" data-field-id=\"1\"><label class=\"wpforms-field-label wpforms-label-hide\" for=\"wpforms-177-field_1\">Civilit\u00e9 <span class=\"wpforms-required-label\">*<\/span><\/label><div class=\"wpforms-field-row wpforms-field-medium\"><div class=\"wpforms-field-row-block wpforms-first wpforms-one-half\"><input type=\"text\" id=\"wpforms-177-field_1\" class=\"wpforms-field-name-first wpforms-field-required\" name=\"wpforms[fields][1][first]\" value=\"Pr\u00e9nom\" placeholder=\"Pr\u00e9nom\" required><label for=\"wpforms-177-field_1\" class=\"wpforms-field-sublabel after wpforms-sublabel-hide\">Pr\u00e9nom<\/label><\/div><div class=\"wpforms-field-row-block wpforms-one-half\"><input type=\"text\" id=\"wpforms-177-field_1-last\" class=\"wpforms-field-name-last wpforms-field-required\" name=\"wpforms[fields][1][last]\" value=\"Nom\" placeholder=\"Nom\" required><label for=\"wpforms-177-field_1-last\" class=\"wpforms-field-sublabel after wpforms-sublabel-hide\">Nom<\/label><\/div><\/div><\/div><div id=\"wpforms-177-field_2-container\" class=\"wpforms-field wpforms-field-email\" data-field-id=\"2\"><label class=\"wpforms-field-label\" for=\"wpforms-177-field_2\">Email <span class=\"wpforms-required-label\">*<\/span><\/label><input type=\"email\" id=\"wpforms-177-field_2\" class=\"wpforms-field-medium wpforms-field-required\" name=\"wpforms[fields][2]\" spellcheck=\"false\" required><\/div><div id=\"wpforms-177-field_3-container\" class=\"wpforms-field wpforms-field-textarea\" data-field-id=\"3\"><label class=\"wpforms-field-label\" for=\"wpforms-177-field_3\">Question<\/label><textarea id=\"wpforms-177-field_3\" class=\"wpforms-field-medium\" name=\"wpforms[fields][3]\" ><\/textarea><\/div><\/div><!-- .wpforms-field-container --><div class=\"wpforms-submit-container\" ><input type=\"hidden\" name=\"wpforms[id]\" value=\"177\"><input type=\"hidden\" name=\"page_title\" value=\"\"><input type=\"hidden\" name=\"page_url\" value=\"https:\/\/libert-art.com\/index.php\/wp-json\/wp\/v2\/pages\/181\"><input type=\"hidden\" name=\"url_referer\" value=\"\"><button type=\"submit\" name=\"wpforms[submit]\" id=\"wpforms-submit-177\" class=\"wpforms-submit\" data-alt-text=\"Envoi en cours\" data-submit-text=\"Envoi\" aria-live=\"assertive\" value=\"wpforms-submit\">Envoi<\/button><img loading=\"lazy\" decoding=\"async\" src=\"https:\/\/libert-art.com\/wp-content\/plugins\/wpforms-lite\/assets\/images\/submit-spin.svg\" class=\"wpforms-submit-spinner\" style=\"display: none;\" width=\"26\" height=\"26\" alt=\"Chargement en cours\"><\/div><\/form><\/div>  <!-- .wpforms-container -->\n\n\n<p>Vous voulez savoir comment se d\u00e9roule une s\u00e9ance ? N&rsquo;h\u00e9sitez pas \u00e0 regarder la vid\u00e9o sur la page d&rsquo;accueil pour avoir un exemple adaptable en fonction de vos besoins. <a href=\"https:\/\/libert-art.com\/\" data-type=\"page\" data-id=\"57\">Accueil<\/a><\/p>\n","protected":false},"excerpt":{"rendered":"<p>Je vous r\u00e9ponds au plus vite. Vous avez des questions ? Des pr\u00e9f\u00e9rences concernant un m\u00e9dia ou un m\u00e9dium ? Vous souhaitez savoir s&rsquo;il faut mieux que vous travaillez en individuel ou en groupe ? N&rsquo;h\u00e9sitez pas \u00e0 formuler vos questions ci-dessous Vous voulez savoir comment se d\u00e9roule une s\u00e9ance ? N&rsquo;h\u00e9sitez pas \u00e0 regarder&#8230;<\/p>\n","protected":false},"author":1,"featured_media":0,"parent":0,"menu_order":0,"comment_status":"closed","ping_status":"closed","template":"","meta":{"om_disable_all_campaigns":false,"_monsterinsights_skip_tracking":false,"_monsterinsights_sitenote_active":false,"_monsterinsights_sitenote_note":"","_monsterinsights_sitenote_category":0,"_kadence_starter_templates_imported_post":false,"_kad_post_transparent":"","_kad_post_title":"","_kad_post_layout":"","_kad_post_sidebar_id":"","_kad_post_content_style":"","_kad_post_vertical_padding":"","_kad_post_feature":"","_kad_post_feature_position":"","_kad_post_header":false,"_kad_post_footer":false,"footnotes":""},"class_list":["post-181","page","type-page","status-publish","hentry"],"_links":{"self":[{"href":"https:\/\/libert-art.com\/index.php\/wp-json\/wp\/v2\/pages\/181","targetHints":{"allow":["GET"]}}],"collection":[{"href":"https:\/\/libert-art.com\/index.php\/wp-json\/wp\/v2\/pages"}],"about":[{"href":"https:\/\/libert-art.com\/index.php\/wp-json\/wp\/v2\/types\/page"}],"author":[{"embeddable":true,"href":"https:\/\/libert-art.com\/index.php\/wp-json\/wp\/v2\/users\/1"}],"replies":[{"embeddable":true,"href":"https:\/\/libert-art.com\/index.php\/wp-json\/wp\/v2\/comments?post=181"}],"version-history":[{"count":5,"href":"https:\/\/libert-art.com\/index.php\/wp-json\/wp\/v2\/pages\/181\/revisions"}],"predecessor-version":[{"id":406,"href":"https:\/\/libert-art.com\/index.php\/wp-json\/wp\/v2\/pages\/181\/revisions\/406"}],"wp:attachment":[{"href":"https:\/\/libert-art.com\/index.php\/wp-json\/wp\/v2\/media?parent=181"}],"curies":[{"name":"wp","href":"https:\/\/api.w.org\/{rel}","templated":true}]}}