{"id":173,"date":"2023-10-12T18:05:12","date_gmt":"2023-10-12T18:05:12","guid":{"rendered":"https:\/\/libert-art.com\/?page_id=173"},"modified":"2024-06-27T13:25:35","modified_gmt":"2024-06-27T13:25:35","slug":"planifiez-votre-rv","status":"publish","type":"page","link":"https:\/\/libert-art.com\/index.php\/planifiez-votre-rv\/","title":{"rendered":"Planifiez votre RV"},"content":{"rendered":"\n<p><\/p>\n\n\n\n<p>Vous voici pr\u00eat \u00e0 vous engager vers le mieux \u00eatre. <strong>Bravo pour cette \u00e9tape<\/strong>. <strong>Enfin, vous choisissez d&rsquo;\u00eatre votre priorit\u00e9. BRAVO<\/strong><\/p>\n\n\n\n<p>Pour les parents qui inscrivent leur enfant, merci de pr\u00e9voir de remplir ce document pour la premi\u00e8re s\u00e9ance : <\/p>\n\n\n\n<div class=\"wp-block-file\"><a id=\"wp-block-file--media-d4b64549-036e-4635-8bb8-6e8107e0f7a8\" href=\"https:\/\/libert-art.com\/wp-content\/uploads\/2024\/06\/Anamnese-avant-seances.-par-parentdocx-3.docx\">Anamnese-avant-seances.-par-parentdocx-3<\/a><a href=\"https:\/\/libert-art.com\/wp-content\/uploads\/2024\/06\/Anamnese-avant-seances.-par-parentdocx-3.docx\" class=\"wp-block-file__button wp-element-button\" download aria-describedby=\"wp-block-file--media-d4b64549-036e-4635-8bb8-6e8107e0f7a8\">T\u00e9l\u00e9charger<\/a><\/div>\n\n\n\n<h3 class=\"wp-block-heading has-theme-palette-6-color has-text-color\">Les RV individuels :<\/h3>\n\n\n\n<p><\/p>\n\n\n\n<p>Pour les RV vous pouvez planifier un ou plusieurs RV en m\u00eame temps. <strong>Tout RV non annul\u00e9 48 heures en avance est d\u00fb.<\/strong><\/p>\n\n\n<div class=\"wp-block-image is-style-default\">\n<figure class=\"aligncenter size-large is-resized\"><img loading=\"lazy\" decoding=\"async\" width=\"922\" height=\"1024\" src=\"https:\/\/libert-art.com\/wp-content\/uploads\/2023\/11\/Calendrier-retravaille-922x1024.png\" alt=\"\" class=\"wp-image-269\" style=\"aspect-ratio:0.900390625;width:542px;height:auto\" srcset=\"https:\/\/libert-art.com\/wp-content\/uploads\/2023\/11\/Calendrier-retravaille-922x1024.png 922w, https:\/\/libert-art.com\/wp-content\/uploads\/2023\/11\/Calendrier-retravaille-270x300.png 270w, https:\/\/libert-art.com\/wp-content\/uploads\/2023\/11\/Calendrier-retravaille-768x853.png 768w, https:\/\/libert-art.com\/wp-content\/uploads\/2023\/11\/Calendrier-retravaille.png 1152w\" sizes=\"auto, (max-width: 922px) 100vw, 922px\" \/><\/figure>\n<\/div>\n\n\n<p>Vous devez d&rsquo;abord choisir quel type d&rsquo;activit\u00e9 vous souhaitez et la date \u00e0 laquelle vous souhaitez venir et des cr\u00e9neaux horaires vous sont propos\u00e9s.<\/p>\n\n\n\n<p><\/p>\n\n\n\n<p>Lors de la r\u00e9servation du premier RV individuel vous b\u00e9n\u00e9ficiez de<strong> 17% de r\u00e9duction<\/strong> sur le premier RV.<\/p>\n\n\n\n<p>L&rsquo;olfactoth\u00e9rapie et la musicoth\u00e9rapie  ne vous sont propos\u00e9es qu&rsquo;en individuel car tous les ateliers collectifs propos\u00e9s sont compos\u00e9s d&rsquo;art-th\u00e9rapie et sont donc dans cette rubrique. Pourtant vous le d\u00e9couvrirez, dans ces ateliers je me r\u00e9f\u00e8re \u00e0 diff\u00e9rentes m\u00e9thodes.<\/p>\n\n\n\n<p><strong>Pour les ateliers colle<\/strong>ctifs<\/p>\n\n\n\n<h3 class=\"wp-block-heading has-theme-palette-6-color has-text-color\"><strong>Les ateliers collectifs ?<\/strong><\/h3>\n\n\n\n<p><\/p>\n\n\n\n<p>Malgr\u00e9 ce qui est indiqu\u00e9 sur l&rsquo;agenda les ateliers sont bien de 90 minutes. Pour le lancement nous travaillons les les lundis soir la confiance en soi et les mardis soir la reliance au soi<br><\/p>\n\n\n\n<p>L&rsquo;ateliers \u00e0 l&rsquo;unit\u00e9 est factur\u00e9 30 \u20ac. Des tarifs pr\u00e9f\u00e9rentiels sont propos\u00e9s pour ceux qui optent pour un engagement financier qui comprend la totalit\u00e9 du protocole soit 8 s\u00e9ances (220 \u20ac les 8 s\u00e9ances ). Pour rappel il est important et pour vous et votre \u00e9volution et pour le groupe qui vous int\u00e8gre comme partie d&rsquo;un tout que vous vous engagiez sur ces 8 s\u00e9ances.<\/p>\n\n\n\n<p>Ces s\u00e9ances collectives d\u00e9butent d\u00e8s que 3 personnes sont inscrites. Ce sont des protocoles de 8 s\u00e9ances obligatoires \u00e0 raison d&rsquo;une fois par semaine selon les th\u00e8mes choisis les lundis ou mardis soir de 19H05 \u00e0 20H35. Le maximum par atelier est de 6 personnes. La danse, le chant le mime et bien d&rsquo;autres outils peuvent intervenir dans ces ateliers .<\/p>\n\n\n\n<p><br>Pour prendre RV vous pouvez cliquer sur ce lien : <a href=\"https:\/\/www.resalib.fr\/praticien\/91841-caroline-arnault-art-therapeute-rouen#newrdvmodal\">https:\/\/www.resalib.fr\/praticien\/91841-caroline-arnault-art-therapeute-rouen#newrdvmodal<\/a><br><\/p>\n\n\n\n<h3 class=\"wp-block-heading has-theme-palette-6-color has-text-color\">Les ch\u00e8ques cadeau :<\/h3>\n\n\n\n<p><strong>Une occasion extraordinaire ! Faire plaisir \u00e0 son ami(e) ! Proposer \u00e0 ceux que vous aimez de prendre soin de soi.<\/strong><\/p>\n\n\n\n<p>Demander lors de vos RV Les ch\u00e8ques Cadeau Libert&rsquo;Art et b\u00e9n\u00e9ficiez de &#8211; 17% de r\u00e9duction  pour une nouvelle s\u00e9ance.<\/p>\n\n\n\n<ul class=\"wp-block-list\">\n<li>1 s\u00e9ance \u00e0 Offrir 57 \u20ac<\/li>\n\n\n\n<li>5 s\u00e9ances \u00e0 offrir 275\u20ac<\/li>\n\n\n\n<li>10 s\u00e9ances \u00e0 offrir 500 \u20ac<\/li>\n<\/ul>\n\n\n\n<p>Ces ch\u00e8ques seront utilisables sur 12 mois glissant (ex vous en achetez un le 12 d\u00e9cembre 2023, il est utilisable jusqu&rsquo;au 12 d\u00e9cembre 2024)<\/p>\n","protected":false},"excerpt":{"rendered":"<p>Vous voici pr\u00eat \u00e0 vous engager vers le mieux \u00eatre. Bravo pour cette \u00e9tape. Enfin, vous choisissez d&rsquo;\u00eatre votre priorit\u00e9. BRAVO Pour les parents qui inscrivent leur enfant, merci de pr\u00e9voir de remplir ce document pour la premi\u00e8re s\u00e9ance : Les RV individuels : Pour les RV vous pouvez planifier un ou plusieurs RV en&#8230;<\/p>\n","protected":false},"author":1,"featured_media":0,"parent":0,"menu_order":0,"comment_status":"closed","ping_status":"closed","template":"","meta":{"om_disable_all_campaigns":false,"_monsterinsights_skip_tracking":false,"_monsterinsights_sitenote_active":false,"_monsterinsights_sitenote_note":"","_monsterinsights_sitenote_category":0,"_kadence_starter_templates_imported_post":false,"_kad_post_transparent":"","_kad_post_title":"","_kad_post_layout":"","_kad_post_sidebar_id":"","_kad_post_content_style":"","_kad_post_vertical_padding":"","_kad_post_feature":"","_kad_post_feature_position":"","_kad_post_header":false,"_kad_post_footer":false,"footnotes":""},"class_list":["post-173","page","type-page","status-publish","hentry"],"_links":{"self":[{"href":"https:\/\/libert-art.com\/index.php\/wp-json\/wp\/v2\/pages\/173","targetHints":{"allow":["GET"]}}],"collection":[{"href":"https:\/\/libert-art.com\/index.php\/wp-json\/wp\/v2\/pages"}],"about":[{"href":"https:\/\/libert-art.com\/index.php\/wp-json\/wp\/v2\/types\/page"}],"author":[{"embeddable":true,"href":"https:\/\/libert-art.com\/index.php\/wp-json\/wp\/v2\/users\/1"}],"replies":[{"embeddable":true,"href":"https:\/\/libert-art.com\/index.php\/wp-json\/wp\/v2\/comments?post=173"}],"version-history":[{"count":16,"href":"https:\/\/libert-art.com\/index.php\/wp-json\/wp\/v2\/pages\/173\/revisions"}],"predecessor-version":[{"id":432,"href":"https:\/\/libert-art.com\/index.php\/wp-json\/wp\/v2\/pages\/173\/revisions\/432"}],"wp:attachment":[{"href":"https:\/\/libert-art.com\/index.php\/wp-json\/wp\/v2\/media?parent=173"}],"curies":[{"name":"wp","href":"https:\/\/api.w.org\/{rel}","templated":true}]}}