{"id":140,"date":"2023-10-10T15:44:27","date_gmt":"2023-10-10T15:44:27","guid":{"rendered":"https:\/\/libert-art.com\/?page_id=140"},"modified":"2023-11-14T13:11:33","modified_gmt":"2023-11-14T13:11:33","slug":"lolfactotherapie","status":"publish","type":"page","link":"https:\/\/libert-art.com\/index.php\/lolfactotherapie\/","title":{"rendered":"L&rsquo;Olfactoth\u00e9rapie"},"content":{"rendered":"\n<p>L&rsquo;olfactoth\u00e9rapie est une technique psycho- corporelle \u00e9nerg\u00e9tique qui permet gr\u00e2ce \u00e0 l&rsquo;odorat mais aussi la vibration de l&rsquo;odeur de r\u00e9v\u00e9ler et d\u00e9passer des \u00e9motions  qui freinent la joie de vivre, l&rsquo;adaptation et la progression de l&rsquo;\u00eatre. Il s&rsquo;agit d&rsquo;une th\u00e9rapie br\u00e8ve.<\/p>\n\n\n\n<p>L&rsquo;odeur d\u00e8s les premiers mois de la vie f\u0153tale est enregistr\u00e9e dans le cerveau reptilien. Un agr\u00e9able souvenir engrange un odeur plaisante et inversement. Pourtant pour une raison ou une autre une odeur agr\u00e9able et une odeur r\u00e9pulsante peuvent \u00e0 la longue s&rsquo;inverser. Quoiqu&rsquo;il en soit c&rsquo;est suite \u00e0 l&rsquo;identification d&rsquo;une odeur agr\u00e9able, correspondants au chakra et \u00e0 la symbolique que l&rsquo;on veut travailler, que la s\u00e9ance se d\u00e9roule.<\/p>\n\n\n<div class=\"wp-block-image\">\n<figure class=\"aligncenter size-large is-resized\"><img loading=\"lazy\" decoding=\"async\" width=\"820\" height=\"1024\" src=\"https:\/\/libert-art.com\/wp-content\/uploads\/2023\/10\/HUIles-essentilles-et-fleurs-820x1024.jpg\" alt=\"\" class=\"wp-image-151\" style=\"aspect-ratio:0.80078125;width:561px;height:auto\" srcset=\"https:\/\/libert-art.com\/wp-content\/uploads\/2023\/10\/HUIles-essentilles-et-fleurs-820x1024.jpg 820w, https:\/\/libert-art.com\/wp-content\/uploads\/2023\/10\/HUIles-essentilles-et-fleurs-240x300.jpg 240w, https:\/\/libert-art.com\/wp-content\/uploads\/2023\/10\/HUIles-essentilles-et-fleurs-768x959.jpg 768w, https:\/\/libert-art.com\/wp-content\/uploads\/2023\/10\/HUIles-essentilles-et-fleurs.jpg 1025w\" sizes=\"auto, (max-width: 820px) 100vw, 820px\" \/><\/figure>\n<\/div>\n\n\n<p>Le chakra est un centre \u00e9nerg\u00e9tique un petit tourbillon d&rsquo;\u00e9nergie non visible \u00e0 l&rsquo;\u0153il nu. On en d\u00e9nombre 7 essentiels \u00e0 travers le corps.<\/p>\n\n\n\n<ul class=\"wp-block-list\">\n<li>Le racine qui correspond au p\u00e9rin\u00e9e (la capacit\u00e9 \u00e0 vivre, \u00e0 avoir de l&rsquo;\u00e9nergie et \u00e0 \u00eatre ancr\u00e9 sur terre mais aussi les peurs de vivre)<\/li>\n\n\n\n<li>Le sacr\u00e9 situ\u00e9 une main sous le nombril (la cr\u00e9ativit\u00e9, la possibilit\u00e9s d&rsquo;engendrer mes aussi les peurs)<\/li>\n\n\n\n<li>Le chakra du plexus solaire (capacit\u00e9 \u00e0 faire, je peux)<\/li>\n\n\n\n<li>Le cardiaque qui correspond au c\u0153ur ( la capacit\u00e9 \u00e0 aimer)<\/li>\n\n\n\n<li>Le chakra de la gorge (expression de ce qui a \u00e9t\u00e9 cr\u00e9e, je dis). Il y a un lien fort entre le chakra 2 et le 5<\/li>\n\n\n\n<li>Le troisi\u00e8me \u0153il situ\u00e9 entre les sourcils en lien avec les perceptions <\/li>\n\n\n\n<li>Le chakra couronne sur le crane en lien avec l&rsquo;intuition<\/li>\n<\/ul>\n\n\n<div class=\"wp-block-image\">\n<figure class=\"aligncenter size-large is-resized\"><img loading=\"lazy\" decoding=\"async\" width=\"1024\" height=\"724\" src=\"https:\/\/libert-art.com\/wp-content\/uploads\/2023\/10\/Chakras-1024x724.jpg\" alt=\"\" class=\"wp-image-148\" style=\"aspect-ratio:1.4143646408839778;width:613px;height:auto\" srcset=\"https:\/\/libert-art.com\/wp-content\/uploads\/2023\/10\/Chakras-1024x724.jpg 1024w, https:\/\/libert-art.com\/wp-content\/uploads\/2023\/10\/Chakras-300x212.jpg 300w, https:\/\/libert-art.com\/wp-content\/uploads\/2023\/10\/Chakras-768x543.jpg 768w, https:\/\/libert-art.com\/wp-content\/uploads\/2023\/10\/Chakras.jpg 1280w\" sizes=\"auto, (max-width: 1024px) 100vw, 1024px\" \/><\/figure>\n<\/div>\n\n\n<p><\/p>\n\n\n\n<p><br><\/p>\n\n\n\n<p><\/p>\n\n\n\n<p>Pour pouvoir mieux se connecter \u00e0 l&rsquo;odeur et \u00e0 ce qu&rsquo;elle r\u00e9v\u00e8le vous \u00eates assis ou allong\u00e9  en \u00e9tat de relaxation.<\/p>\n\n\n\n<p><a href=\"https:\/\/www.passeportsante.net\/fr\/Therapies\/Guide\/Fiche.aspx?doc=olfactotherapie\" rel=\"nofollow\">https:\/\/www.passeportsante.net\/fr\/Therapies\/Guide\/Fiche.aspx?doc=olfactotherapie<\/a><\/p>\n\n\n\n<h2 class=\"wp-block-heading\"><strong><mark style=\"background-color:rgba(0, 0, 0, 0)\" class=\"has-inline-color has-theme-palette-6-color\">Pourquoi utiliser l&rsquo;olfactoth\u00e9rapie ?<\/mark><\/strong><\/h2>\n\n\n\n<ul class=\"wp-block-list\">\n<li>Pour \u00eatre en paix avec soi m\u00eame <\/li>\n\n\n\n<li>Pour identifier des points de blocage<\/li>\n\n\n\n<li>Pour d\u00e9passer des points de blocage<\/li>\n\n\n\n<li>Pour aller vers une vie plus en ad\u00e9quation avec soi<\/li>\n\n\n\n<li>Pour r\u00e9apprivoiser son odorat<\/li>\n\n\n\n<li>Pour mieux comprendre ses choix, ses peurs<\/li>\n<\/ul>\n\n\n\n<p>Quel th\u00e9rapeute suis-je ?<\/p>\n\n\n\n<p>Profond\u00e9ment humaniste voir les autres heureux m&rsquo;all\u00e8ge et me s\u00e9curise. C&rsquo;est sans doute la raison pour laquelle je me suis orient\u00e9e dans le d\u00e9veloppement personnel. Curieuse j&rsquo;aime comprendre les rouages de la psych\u00e9. Si tout ce que je vous ai d\u00e9velopp\u00e9 sur la page qui suis-je est vrai, <a href=\"https:\/\/libert-art.com\/wp-admin\/post.php?post=57&amp;action=edit\" target=\"_blank\" rel=\"noopener\" title=\"\">https:\/\/libert-art.com\/wp-admin\/post.php?post=57&amp;action=edit<\/a>en olfactoth\u00e9rapie, j&rsquo;accompagne la mise en \u00e9vidence de l&rsquo;\u00e9motion et vous aide \u00e0 la comprendre.<\/p>\n\n\n\n<p><\/p>\n","protected":false},"excerpt":{"rendered":"<p>L&rsquo;olfactoth\u00e9rapie est une technique psycho- corporelle \u00e9nerg\u00e9tique qui permet gr\u00e2ce \u00e0 l&rsquo;odorat mais aussi la vibration de l&rsquo;odeur de r\u00e9v\u00e9ler et d\u00e9passer des \u00e9motions qui freinent la joie de vivre, l&rsquo;adaptation et la progression de l&rsquo;\u00eatre. Il s&rsquo;agit d&rsquo;une th\u00e9rapie br\u00e8ve. L&rsquo;odeur d\u00e8s les premiers mois de la vie f\u0153tale est enregistr\u00e9e dans le cerveau&#8230;<\/p>\n","protected":false},"author":1,"featured_media":0,"parent":0,"menu_order":0,"comment_status":"closed","ping_status":"closed","template":"","meta":{"om_disable_all_campaigns":false,"_monsterinsights_skip_tracking":false,"_monsterinsights_sitenote_active":false,"_monsterinsights_sitenote_note":"","_monsterinsights_sitenote_category":0,"_kadence_starter_templates_imported_post":false,"_kad_post_transparent":"","_kad_post_title":"","_kad_post_layout":"","_kad_post_sidebar_id":"","_kad_post_content_style":"","_kad_post_vertical_padding":"","_kad_post_feature":"","_kad_post_feature_position":"","_kad_post_header":false,"_kad_post_footer":false,"footnotes":""},"class_list":["post-140","page","type-page","status-publish","hentry"],"_links":{"self":[{"href":"https:\/\/libert-art.com\/index.php\/wp-json\/wp\/v2\/pages\/140","targetHints":{"allow":["GET"]}}],"collection":[{"href":"https:\/\/libert-art.com\/index.php\/wp-json\/wp\/v2\/pages"}],"about":[{"href":"https:\/\/libert-art.com\/index.php\/wp-json\/wp\/v2\/types\/page"}],"author":[{"embeddable":true,"href":"https:\/\/libert-art.com\/index.php\/wp-json\/wp\/v2\/users\/1"}],"replies":[{"embeddable":true,"href":"https:\/\/libert-art.com\/index.php\/wp-json\/wp\/v2\/comments?post=140"}],"version-history":[{"count":11,"href":"https:\/\/libert-art.com\/index.php\/wp-json\/wp\/v2\/pages\/140\/revisions"}],"predecessor-version":[{"id":314,"href":"https:\/\/libert-art.com\/index.php\/wp-json\/wp\/v2\/pages\/140\/revisions\/314"}],"wp:attachment":[{"href":"https:\/\/libert-art.com\/index.php\/wp-json\/wp\/v2\/media?parent=140"}],"curies":[{"name":"wp","href":"https:\/\/api.w.org\/{rel}","templated":true}]}}